{"id":94,"date":"2012-11-22T21:02:49","date_gmt":"2012-11-22T21:02:49","guid":{"rendered":"http:\/\/festivalmfst.wordpress.com\/?page_id=94"},"modified":"2017-05-30T00:06:26","modified_gmt":"2017-05-29T22:06:26","slug":"honourable-committee","status":"publish","type":"page","link":"https:\/\/festiwal.at.edu.pl\/en\/archiwum-festiwalu\/archiwum-7-festiwalu-itself\/honourable-committee\/","title":{"rendered":"Komitet Honorowy"},"content":{"rendered":"<p><span style=\"color:#008000\"><strong>BARBARA BORYS &#8211; DAMI\u0118CKA<\/strong><\/span><\/p>\n<p><span style=\"color:#333333\">Senator RP, re\u017cyserka teatralna i telewizyjna,<br \/>\n<\/span><\/p>\n<p><span style=\"color:#008000\"><strong>JOANNA SZCZEPKOWSKA<\/strong><\/span><\/p>\n<p><span style=\"color:#333333\">polska aktorka teatralna, filmowa i telewizyjna, pisarka i felietonistka, pedagog<\/span><\/p>\n<p><strong><span style=\"color:#008000\">JAN ENGLERT<\/span><\/strong><\/p>\n<p>aktor teatralny i filmo<span style=\"color:#333333\">wy, re\u017cyser teatraln<\/span>y, pedagog, dyrektor artystyczny Teatru Narodowego w Warszawie<\/p>\n<p><span style=\"color:#008000\"><strong>MACIEJ NOWAK<\/strong><\/span><\/p>\n<p>krytyk teatralny i kulinarny, dyrektor Instytutu Teatralnego im. Zbigniewa Raszewskiego w Warszawie<\/p>\n<p><span style=\"color:#008000\"><strong>PETER STEIN<\/strong><\/span><\/p>\n<p>niemiecki re\u017cyser teatralny i operowy, tw\u00f3rca legendy berli\u0144skiego Schaub\u00fchne<\/p>\n<p><span style=\"color:#008000\"><strong>STACY KEACH<\/strong><\/span><\/p>\n<p>ameryka\u0144ski aktor filmowy, telewizyjny i teatralny, producent, scenarzysta i re\u017cyser filmowy<\/p>\n<p><span style=\"color:#008000\"><strong>BORIS KUDLI\u010cKA<\/strong><\/span><\/p>\n<p>scenograf pochodzenia s\u0142owackiego<\/p>\n<p><span style=\"color:#008000\"><strong>KRZYSZTOF ZANUSSI<\/strong><\/span><\/p>\n<p>polski re\u017cyser teatralny i filmowy<\/p>\n<p><span style=\"color:#008000\"><strong>ANTONI LIBERA<\/strong><\/span><\/p>\n<p>polski pisarz, t\u0142umacz, re\u017cyser, znawca tw\u00f3rczo\u015bci Samuela Becketta <a title=\"Samuel Beckett\" href=\"http:\/\/pl.wikipedia.org\/wiki\/Samuel_Beckett\"><br \/>\n<\/a><\/p>\n<p><strong><span style=\"color:#008000\">CLAUDIO DE MAGLIO<\/span><\/strong><\/p>\n<p>aktor, re\u017cyser i dramaturg w\u0142oski<\/p>\n<p><span style=\"color:#008000\"><b>JACQUES LASSALLE<\/b><\/span><\/p>\n<p>francuski re\u017cyser i aktor teatralny, pedagog, dramatopisarz<\/p>\n<p><strong><span style=\"color:#008000\">FELICE ROSS<\/span><\/strong><\/p>\n<p>re\u017cyser \u015bwiat\u0142a<\/p>","protected":false},"excerpt":{"rendered":"<p>BARBARA BORYS &#8211; DAMI\u0118CKA Senator RP, re\u017cyserka teatralna i telewizyjna, JOANNA SZCZEPKOWSKA polska aktorka teatralna, filmowa i telewizyjna, pisarka i felietonistka, pedagog JAN ENGLERT aktor teatralny i filmowy, re\u017cyser teatralny, pedagog, dyrektor artystyczny Teatru Narodowego w Warszawie MACIEJ NOWAK krytyk teatralny i kulinarny, dyrektor Instytutu Teatralnego im. Zbigniewa Raszewskiego w Warszawie PETER STEIN niemiecki re\u017cyser [&hellip;]<\/p>\n","protected":false},"author":1,"featured_media":0,"parent":993,"menu_order":57,"comment_status":"open","ping_status":"closed","template":"","meta":{"_acf_changed":false,"footnotes":""},"class_list":["post-94","page","type-page","status-publish","hentry"],"acf":[],"jetpack_shortlink":"https:\/\/wp.me\/P8N69B-1w","jetpack_sharing_enabled":true,"_links":{"self":[{"href":"https:\/\/festiwal.at.edu.pl\/en\/wp-json\/wp\/v2\/pages\/94"}],"collection":[{"href":"https:\/\/festiwal.at.edu.pl\/en\/wp-json\/wp\/v2\/pages"}],"about":[{"href":"https:\/\/festiwal.at.edu.pl\/en\/wp-json\/wp\/v2\/types\/page"}],"author":[{"embeddable":true,"href":"https:\/\/festiwal.at.edu.pl\/en\/wp-json\/wp\/v2\/users\/1"}],"replies":[{"embeddable":true,"href":"https:\/\/festiwal.at.edu.pl\/en\/wp-json\/wp\/v2\/comments?post=94"}],"version-history":[{"count":1,"href":"https:\/\/festiwal.at.edu.pl\/en\/wp-json\/wp\/v2\/pages\/94\/revisions"}],"predecessor-version":[{"id":2327,"href":"https:\/\/festiwal.at.edu.pl\/en\/wp-json\/wp\/v2\/pages\/94\/revisions\/2327"}],"up":[{"embeddable":true,"href":"https:\/\/festiwal.at.edu.pl\/en\/wp-json\/wp\/v2\/pages\/993"}],"wp:attachment":[{"href":"https:\/\/festiwal.at.edu.pl\/en\/wp-json\/wp\/v2\/media?parent=94"}],"curies":[{"name":"wp","href":"https:\/\/api.w.org\/{rel}","templated":true}]}}