{"id":91,"date":"2012-11-22T21:02:07","date_gmt":"2012-11-22T20:02:07","guid":{"rendered":"http:\/\/festivalmfst.wordpress.com\/?page_id=91"},"modified":"2017-05-30T00:09:57","modified_gmt":"2017-05-29T22:09:57","slug":"artistic-council","status":"publish","type":"page","link":"https:\/\/festiwal.at.edu.pl\/en\/archiwum-festiwalu\/archiwum-7-festiwalu-itself\/artistic-council\/","title":{"rendered":"Rada Artystyczna"},"content":{"rendered":"<p><strong><span style=\"color:#008000\">Mamy zaszczyt przedstawi\u0107 Pa\u0144stwu sk\u0142ad Rady Artystycznej <\/span><\/strong><\/p>\n<p><strong><span style=\"color:#008000\">7. Mi\u0119dzynarodowego Festiwalu Szk\u00f3\u0142 Teatralnych ITSelF<\/span><\/strong><\/p>\n<p><strong>1. Cezary Morawski &#8211; Dyrektor Festiwalu, przewodnicz\u0105cy Rady Artystycznej<br \/>\n<\/strong><\/p>\n<p><strong>2. Beata Szczuci\u0144ska &#8211; zast\u0119pca Dyrektora ds. organizacyjnych<\/strong><\/p>\n<p><strong>3. Andrzej Strzelecki -rektor i <strong>wyk\u0142adowca<\/strong> Akademii Teatralnej<br \/>\n<\/strong><\/p>\n<p><strong>4. Piotr K\u0142oczowski &#8211; wyk\u0142adowca Akademii Teatralnej<br \/>\n<\/strong><\/p>\n<p><strong>5. Marcin Perchu\u0107 &#8211; wyk\u0142adowca Akademii Teatralnej<br \/>\n<\/strong><\/p>\n<p><strong>6. Jaros\u0142aw Kilian &#8211; wyk\u0142adowca Akademii Teatralnej<br \/>\n<\/strong><\/p>\n<p><strong>7. Barbara Wi\u015bniewska &#8211; studentka Akademii Teatralnej<br \/>\n<\/strong><\/p>\n<p><strong>8. \u0141ukasz Borkowski &#8211; student Akademii Teatralnej<br \/>\n<\/strong><\/p>\n<p><strong>9. Krzysztof Kwiatkowski &#8211; student Akademii Teatralnej<br \/>\n<\/strong><\/p>\n","protected":false},"excerpt":{"rendered":"<p>Mamy zaszczyt przedstawi\u0107 Pa\u0144stwu sk\u0142ad Rady Artystycznej 7. Mi\u0119dzynarodowego Festiwalu Szk\u00f3\u0142 Teatralnych ITSelF 1. Cezary Morawski &#8211; Dyrektor Festiwalu, przewodnicz\u0105cy Rady Artystycznej 2. Beata Szczuci\u0144ska &#8211; zast\u0119pca Dyrektora ds. organizacyjnych 3. Andrzej Strzelecki -rektor i wyk\u0142adowca Akademii Teatralnej 4. Piotr K\u0142oczowski &#8211; wyk\u0142adowca Akademii Teatralnej 5. Marcin Perchu\u0107 &#8211; wyk\u0142adowca Akademii Teatralnej 6. Jaros\u0142aw Kilian [&hellip;]<\/p>\n","protected":false},"author":1,"featured_media":0,"parent":993,"menu_order":55,"comment_status":"open","ping_status":"closed","template":"","meta":{"_acf_changed":false,"footnotes":""},"class_list":["post-91","page","type-page","status-publish","hentry"],"acf":[],"jetpack_shortlink":"https:\/\/wp.me\/P8N69B-1t","jetpack_sharing_enabled":true,"_links":{"self":[{"href":"https:\/\/festiwal.at.edu.pl\/en\/wp-json\/wp\/v2\/pages\/91"}],"collection":[{"href":"https:\/\/festiwal.at.edu.pl\/en\/wp-json\/wp\/v2\/pages"}],"about":[{"href":"https:\/\/festiwal.at.edu.pl\/en\/wp-json\/wp\/v2\/types\/page"}],"author":[{"embeddable":true,"href":"https:\/\/festiwal.at.edu.pl\/en\/wp-json\/wp\/v2\/users\/1"}],"replies":[{"embeddable":true,"href":"https:\/\/festiwal.at.edu.pl\/en\/wp-json\/wp\/v2\/comments?post=91"}],"version-history":[{"count":1,"href":"https:\/\/festiwal.at.edu.pl\/en\/wp-json\/wp\/v2\/pages\/91\/revisions"}],"predecessor-version":[{"id":2331,"href":"https:\/\/festiwal.at.edu.pl\/en\/wp-json\/wp\/v2\/pages\/91\/revisions\/2331"}],"up":[{"embeddable":true,"href":"https:\/\/festiwal.at.edu.pl\/en\/wp-json\/wp\/v2\/pages\/993"}],"wp:attachment":[{"href":"https:\/\/festiwal.at.edu.pl\/en\/wp-json\/wp\/v2\/media?parent=91"}],"curies":[{"name":"wp","href":"https:\/\/api.w.org\/{rel}","templated":true}]}}