{"id":777,"date":"2013-06-27T11:47:52","date_gmt":"2013-06-27T09:47:52","guid":{"rendered":"http:\/\/festiwal.at.edu.pl\/?page_id=777"},"modified":"2017-05-30T00:07:18","modified_gmt":"2017-05-29T22:07:18","slug":"materialy-dla-prasy","status":"publish","type":"page","link":"https:\/\/festiwal.at.edu.pl\/en\/archiwum-festiwalu\/archiwum-7-festiwalu-itself\/materialy-dla-prasy\/","title":{"rendered":"Materia\u0142y dla prasy"},"content":{"rendered":"<h1>Katalog dla prasy w formacie pdf mo\u017cna pobra\u0107 <a href=\"http:\/\/festivalitselfpl.files.wordpress.com\/2013\/06\/7-itself-katalog_dla_prasy.pdf\">tutaj<\/a>.<\/h1>\n<p>&nbsp;<\/p>\n<h1>Skompresowany zestaw zdj\u0119\u0107 ze wszystkich spektakli dost\u0119pny jest <a href=\"https:\/\/www.wetransfer.com\/downloads\/bd4cfa0436ed4575d62914cf6345557920130627121521\/0a70ca50df270ff381fef8ac7b312b7e20130627121521\/e8e6b3#\">tu.<\/a><\/h1>\n","protected":false},"excerpt":{"rendered":"<p>Katalog dla prasy w formacie pdf mo\u017cna pobra\u0107 tutaj. &nbsp; Skompresowany zestaw zdj\u0119\u0107 ze wszystkich spektakli dost\u0119pny jest tu.<\/p>\n","protected":false},"author":1,"featured_media":0,"parent":993,"menu_order":38,"comment_status":"closed","ping_status":"closed","template":"","meta":{"_acf_changed":false,"footnotes":""},"class_list":["post-777","page","type-page","status-publish","hentry"],"acf":[],"jetpack_shortlink":"https:\/\/wp.me\/P8N69B-cx","jetpack_sharing_enabled":true,"_links":{"self":[{"href":"https:\/\/festiwal.at.edu.pl\/en\/wp-json\/wp\/v2\/pages\/777"}],"collection":[{"href":"https:\/\/festiwal.at.edu.pl\/en\/wp-json\/wp\/v2\/pages"}],"about":[{"href":"https:\/\/festiwal.at.edu.pl\/en\/wp-json\/wp\/v2\/types\/page"}],"author":[{"embeddable":true,"href":"https:\/\/festiwal.at.edu.pl\/en\/wp-json\/wp\/v2\/users\/1"}],"replies":[{"embeddable":true,"href":"https:\/\/festiwal.at.edu.pl\/en\/wp-json\/wp\/v2\/comments?post=777"}],"version-history":[{"count":1,"href":"https:\/\/festiwal.at.edu.pl\/en\/wp-json\/wp\/v2\/pages\/777\/revisions"}],"predecessor-version":[{"id":2329,"href":"https:\/\/festiwal.at.edu.pl\/en\/wp-json\/wp\/v2\/pages\/777\/revisions\/2329"}],"up":[{"embeddable":true,"href":"https:\/\/festiwal.at.edu.pl\/en\/wp-json\/wp\/v2\/pages\/993"}],"wp:attachment":[{"href":"https:\/\/festiwal.at.edu.pl\/en\/wp-json\/wp\/v2\/media?parent=777"}],"curies":[{"name":"wp","href":"https:\/\/api.w.org\/{rel}","templated":true}]}}