{"id":69,"date":"2012-11-20T20:58:47","date_gmt":"2012-11-20T20:58:47","guid":{"rendered":"http:\/\/festivalmfst.wordpress.com\/?page_id=34"},"modified":"2012-11-20T20:58:47","modified_gmt":"2012-11-20T20:58:47","slug":"events","status":"publish","type":"page","link":"https:\/\/festiwal.at.edu.pl\/en\/archiwum-festiwalu\/archiwum-7-festiwalu-itself\/programme\/events\/","title":{"rendered":"Imprezy towarzysz\u0105ce"},"content":{"rendered":"<h1 style=\"text-align:center\">Pok\u00f3j D\u017awi\u0119k\u00f3w<\/h1>\n<p>Akademia Teatralna im. Aleksandra Zelwerowicza, sala im. Leona Schillera (sala &#8220;Ko\u0142o&#8221;, 3 pi\u0119tro korytarzem po prawej stronie)<\/p>\n<p>W dniach 29.06 &#8211; 2.07 w godzinach 10:00 &#8211; 20:00 otwarty b\u0119dzie niezwyk\u0142y Pok\u00f3j D\u017awi\u0119k\u00f3w &#8211; miejsce, w kt\u00f3rym b\u0119dzie mo\u017cna poszuka\u0107 wytchnienia od festiwalowego zgie\u0142ku i w kawiarnianej atmosferze zapozna\u0107 si\u0119 z innym obliczem Festiwalu ITSelF: z mi\u0119dzynarodowym teatrem radiowym. W sali im. Leona Schillera prezentowane b\u0119d\u0105 s\u0142uchowiska przygotowane przez student\u00f3w zaproszonych przez nas szk\u00f3\u0142 teatralnych.<\/p>\n<p>List od Andrzeja Brzoski, pomys\u0142odawcy wydarzenia, mo\u017cna przeczyta\u0107\u00a0<a href=\"http:\/\/festivalitselfpl.files.wordpress.com\/2012\/11\/pokc3b3j-dc5bawic499kc3b3w.pdf\">tutaj<\/a>.<\/p>\n<p>W programie Pokoju D\u017awi\u0119k\u00f3w znalaz\u0142y si\u0119 nast\u0119puj\u0105ce s\u0142uchowiska:<\/p>\n<p style=\"text-align:center\"><strong>10:00, 15:10<\/strong><\/p>\n<p><strong>1.\u00a0\u201eWhat I&#8217;m really thinking\u201d<\/strong> z <strong>Akademii Sztuk w Belgradzie (ENG, 13 min.);\u00a0<a href=\"http:\/\/festivalitselfpl.files.wordpress.com\/2012\/11\/what-im-really-thinking.pdf\">wi\u0119cej<\/a><\/strong><\/p>\n<p><strong>2.\u00a0\u201eRuthless\u201d<\/strong> ze <strong>Szko\u0142y Sztuk Performatywnych Uniwersytetu w Lincoln (ENG, 18 min.);\u00a0<a href=\"http:\/\/festivalitselfpl.files.wordpress.com\/2012\/11\/ruthless.pdf\">wi\u0119cej<\/a><\/strong><\/p>\n<p><strong>3.\u00a0\u201cSeir\u201d (Podr\u00f3\u017c)<\/strong> z<strong> Unwersytetu Sooreh w Teheranie (PRS, 35 min.);\u00a0<a href=\"http:\/\/festivalitselfpl.files.wordpress.com\/2012\/11\/seir.pdf\">wi\u0119cej<\/a><\/strong><\/p>\n<p style=\"text-align:center\"><strong>11:10, 16:20<\/strong><\/p>\n<p><strong><\/strong><strong>4.\u00a0\u201eAkacje i Cynamon. Monta\u017ce\u201d<\/strong> z <strong>Wydzia\u0142u Re\u017cyserii Akademii Teatralnej im. Aleksandra Zelwerowicza w Warszawie (PL, 30 min.); \u00a0<a href=\"http:\/\/festivalitselfpl.files.wordpress.com\/2012\/11\/akacje-i-cynamon.pdf\">wi\u0119cej<\/a><\/strong><\/p>\n<p><strong>5. \u00a0\u201e<\/strong><span style=\"font-family:'Times New Roman', serif\"><span style=\"font-size:medium\"><b>T\u00fccs\u00f6k kisasszony \u00e9s Eg\u00e9r \u00farfi lakodalma<strong>\u201d <\/strong><\/b><strong>(<\/strong><\/span><\/span><strong><span style=\"color:#222222\"><span style=\"font-family:'Times New Roman', serif\"><span style=\"font-size:medium\">\u015alub Panny \u015awierszcz i Pana Myszy)<\/span><\/span><\/span><\/strong>\u00a0z <strong>W\u0119gierskiego Wydzia\u0142u Teatralnego Uniwersytetu\u00a0Babes-Bolyai w Cluj (HNG, 17 min.);\u00a0<a href=\"http:\/\/festivalitselfpl.files.wordpress.com\/2012\/11\/the-wedding-of-miss-cricket.pdf\">wi\u0119cej<\/a><\/strong><\/p>\n<p><strong>6.\u00a0\u201eComing Home\u201d<\/strong>\u00a0ze <strong>Szko\u0142y Sztuk Performatywnych Uniwersytetu w Lincoln (ENG, 19 min.);\u00a0<a href=\"http:\/\/festivalitselfpl.files.wordpress.com\/2012\/11\/coming-home.pdf\">wi\u0119cej<\/a><\/strong><\/p>\n<p style=\"text-align:center\"><strong>12:20, 17:30<\/strong><\/p>\n<p><strong>7.\u00a0\u201eIn the Bank\u201d<\/strong>\u00a0z <strong>Uniwersytetu Sooreh w Teheranie (PRS, 18 min.);\u00a0<a href=\"http:\/\/festivalitselfpl.files.wordpress.com\/2012\/11\/in-the-bank.pdf\">wi\u0119cej<\/a><\/strong><\/p>\n<p><strong>8. \u201eG\u0142osy\u201d<\/strong>\u00a0z <strong>Wydzia\u0142u Re\u017cyserii Akademii Teatralnej im. Aleksandra Zelwerowicza w Warszawie (PL, 17 min.);\u00a0<a href=\"http:\/\/festivalitselfpl.files.wordpress.com\/2012\/11\/gc582osy.pdf\">wi\u0119cej<\/a>\u00a0<\/strong><\/p>\n<p><strong>9. \u00a0\u201e<\/strong><span style=\"font-family:'Times New Roman', serif\"><span style=\"font-size:medium\"><span style=\"color:#000000\"><b>S\u00e1rk\u00e1nymese t\u00edz hangra \u2013 abszurd mese<strong>\u201d (Smocza opowie\u015b\u0107 na 10 g\u0142os\u00f3w)\u00a0z\u00a0<strong>W\u0119gierskiego Wydzia\u0142u Teatralnego Uniwersytetu\u00a0Babes-Bolyai w Cluj (HNG, 29 min.);\u00a0<a href=\"http:\/\/festivalitselfpl.files.wordpress.com\/2012\/11\/the-dragon-tale.pdf\">wi\u0119cej<\/a><\/strong><\/strong><\/b><\/span><\/span><\/span><\/p>\n<p style=\"text-align:center\"><strong>13.30, 18:40<\/strong><\/p>\n<p><strong>10.\u00a0\u201eThe journey of Peter Markham\u201d<\/strong>\u00a0\u00a0ze <strong>Szko\u0142y Sztuk Performatywnych Uniwersytetu w Lincoln (ENG, 15 min.);\u00a0<a href=\"http:\/\/festivalitselfpl.files.wordpress.com\/2012\/11\/the-journey-of-peter-markham.pdf\">wi\u0119cej<\/a><\/strong><\/p>\n<p><strong>11.\u00a0\u201eWiek s\u0142o\u0144ca, portret samotno\u015bci\u201d<\/strong>\u00a0z <strong>Wydzia\u0142u Re\u017cyserii Akademii Teatralnej im. Aleksandra Zelwerowicza w Warszawie (PL\/ESP, 25 min.);\u00a0<a href=\"http:\/\/festivalitselfpl.files.wordpress.com\/2012\/11\/wiek-sc582oc584ca.pdf\">wi\u0119cej<\/a><\/strong><\/p>\n<p><strong>12.\u00a0\u201eBroken\u201d<\/strong>\u00a0ze <strong>Szko\u0142y Sztuk Performatywnych Uniwersytetu w Lincoln (ENG, 60 min.);\u00a0<a href=\"http:\/\/festivalitselfpl.files.wordpress.com\/2012\/11\/broken.pdf\">wi\u0119cej<\/a><\/strong><\/p>\n<div><\/div>\n<div><span style=\"color:#000000\">\u00a0<\/span><\/div>\n","protected":false},"excerpt":{"rendered":"<p>Pok\u00f3j D\u017awi\u0119k\u00f3w Akademia Teatralna im. Aleksandra Zelwerowicza, sala im. Leona Schillera (sala &#8220;Ko\u0142o&#8221;, 3 pi\u0119tro korytarzem po prawej stronie) W dniach 29.06 &#8211; 2.07 w godzinach 10:00 &#8211; 20:00 otwarty b\u0119dzie niezwyk\u0142y Pok\u00f3j D\u017awi\u0119k\u00f3w &#8211; miejsce, w kt\u00f3rym b\u0119dzie mo\u017cna poszuka\u0107 wytchnienia od festiwalowego zgie\u0142ku i w kawiarnianej atmosferze zapozna\u0107 si\u0119 z innym obliczem Festiwalu [&hellip;]<\/p>\n","protected":false},"author":1,"featured_media":0,"parent":62,"menu_order":56,"comment_status":"open","ping_status":"closed","template":"","meta":{"_acf_changed":false,"footnotes":""},"class_list":["post-69","page","type-page","status-publish","hentry"],"acf":[],"jetpack_shortlink":"https:\/\/wp.me\/P8N69B-17","jetpack_sharing_enabled":true,"_links":{"self":[{"href":"https:\/\/festiwal.at.edu.pl\/en\/wp-json\/wp\/v2\/pages\/69"}],"collection":[{"href":"https:\/\/festiwal.at.edu.pl\/en\/wp-json\/wp\/v2\/pages"}],"about":[{"href":"https:\/\/festiwal.at.edu.pl\/en\/wp-json\/wp\/v2\/types\/page"}],"author":[{"embeddable":true,"href":"https:\/\/festiwal.at.edu.pl\/en\/wp-json\/wp\/v2\/users\/1"}],"replies":[{"embeddable":true,"href":"https:\/\/festiwal.at.edu.pl\/en\/wp-json\/wp\/v2\/comments?post=69"}],"version-history":[{"count":0,"href":"https:\/\/festiwal.at.edu.pl\/en\/wp-json\/wp\/v2\/pages\/69\/revisions"}],"up":[{"embeddable":true,"href":"https:\/\/festiwal.at.edu.pl\/en\/wp-json\/wp\/v2\/pages\/62"}],"wp:attachment":[{"href":"https:\/\/festiwal.at.edu.pl\/en\/wp-json\/wp\/v2\/media?parent=69"}],"curies":[{"name":"wp","href":"https:\/\/api.w.org\/{rel}","templated":true}]}}