{"id":67,"date":"2012-11-20T20:55:59","date_gmt":"2012-11-20T20:55:59","guid":{"rendered":"http:\/\/festivalmfst.wordpress.com\/?page_id=28"},"modified":"2012-11-20T20:55:59","modified_gmt":"2012-11-20T20:55:59","slug":"performances","status":"publish","type":"page","link":"https:\/\/festiwal.at.edu.pl\/en\/archiwum-festiwalu\/archiwum-7-festiwalu-itself\/programme\/performances\/","title":{"rendered":"Spektakle"},"content":{"rendered":"<p><span style=\"color:#008000\"><strong>Konkurs g\u0142\u00f3wny:<\/strong><\/span><\/p>\n<p>Kr\u00f3lewska Szkocka Akademia w Glasgow (SZKOCJA)<\/p>\n<p>Howard Barker\u00a0<strong><i>Mo\u017cliwo\u015bci<\/i>\u00a0<a href=\"http:\/\/festivalitselfpl.files.wordpress.com\/2013\/03\/szkocja.pdf\">(wi\u0119cej)<\/a><\/strong><\/p>\n<p>(120 minut, napisy w j\u0119zyku polskim oraz angielskim)<\/p>\n<p>Pa\u0144stwowa Wy\u017csza Szko\u0142a Filmowa Telewizyjna i Teatralna w \u0141odzi (POLSKA)<br \/>\n<i><\/i><\/p>\n<p>Mark Ravenhill\u00a0<strong><i>Shopping and Fucking\u00a0<\/i><\/strong><\/p>\n<p>(100 minut, napisy w j\u0119zyku angielskim)<\/p>\n<p>\u0141otewska Akademia Kultury w Rydze (\u0141OTWA)<\/p>\n<p><strong><i>Ch\u0142opcy\u00a0<\/i><\/strong>wg <i>Braci Karamazow <\/i>Fiodora Dostojewskiego\u00a0<strong><a href=\"http:\/\/festivalitselfpl.files.wordpress.com\/2013\/03\/lotwa.pdf\">(wi\u0119cej)<\/a><\/strong><\/p>\n<p>(110 minut, napisy w j\u0119zyku angielskim)<\/p>\n<p>Litewska Akademia Muzyczna i Teatralna w Wilnie (LITWA)<\/p>\n<p><strong><i>Bracia Karamazow <\/i><\/strong>wg powie\u015bci Fiodora Dostojewskiego <strong><a href=\"http:\/\/festivalitselfpl.files.wordpress.com\/2013\/03\/litwa.pdf\">(wi\u0119cej)<\/a><\/strong><\/p>\n<p>(120 minut, napisy w j\u0119zyku angielskim)<\/p>\n<p>Akademia Teatralna w Szanghaju (CHINY)<\/p>\n<p><strong><i>Przekl\u0119ty diabe\u0142\u00a0<\/i><a href=\"http:\/\/festivalitselfpl.files.wordpress.com\/2013\/03\/chiny.pdf\">(wi\u0119cej<\/a>)<\/strong><\/p>\n<p>(100 minut, napisy w j\u0119zyku polskim oraz angielskim)<\/p>\n<p>Uniwesytet \u201eLucian Blaga\u201d w Sybin (RUMUNIA)<\/p>\n<p><strong><em>Warszawska Melodia\u00a0<\/em><a href=\"http:\/\/festivalitselfpl.files.wordpress.com\/2013\/03\/rumunia1.pdf\">(wi\u0119ce<\/a>j)<\/strong><\/p>\n<p>(75 min)<\/p>\n<p>Akademia Teatralna \u201eSofia Amendolea\u201d w Rzymie<\/p>\n<p>Fabio Omodei\u00a0<i><strong>B<strong>a<\/strong>rwy egzekucji\u00a0<\/strong><\/i><strong><a href=\"http:\/\/festivalitselfpl.files.wordpress.com\/2013\/03\/wlochy.pdf\">(wi\u0119cej)<\/a><\/strong><\/p>\n<p>(70 minut, napisy w j\u0119zyku angielskim)<\/p>\n<p>Studio Sztuk Performatywnych im. Yorama Loewensteina w Tel-Awiwie (IZRAEL)<\/p>\n<p>Motti Lerner i Israel Zamir\u00a0<strong><i>Mi\u0142o\u015b\u0107 niewie\u015bcia\u00a0<\/i><a href=\"http:\/\/festivalitselfpl.files.wordpress.com\/2013\/03\/izrael1.pdf\">(wi\u0119cej)<\/a><\/strong><\/p>\n<p>(120 minut, napisy w j\u0119zyku polskim oraz angielskim)<\/p>\n<p>Pa\u0144stwowa Akademia Sztuk Teatralnych w Sankt Petersburgu (ROSJA)<\/p>\n<p><strong><i>Cudotw\u00f3rca <\/i><\/strong>wg <i>Staruchy <\/i>Danii\u0142a Charmsa\u00a0<strong><a href=\"http:\/\/festivalitselfpl.files.wordpress.com\/2013\/03\/rosja.pdf\">(wi\u0119cej)<\/a><\/strong><\/p>\n<p>(90 minut, napisy w j\u0119zyku angielskim)<\/p>\n<p>Akademia Sztuk w Ba\u0144skiej Bystrzycy (S\u0141OWACJA)<\/p>\n<p>Anton Czechow\u00a0<strong><i>Mewa\u00a0<\/i><a href=\"http:\/\/festivalitselfpl.files.wordpress.com\/2013\/03\/slowacja.pdf\">(wi\u0119cej)<\/a><\/strong><\/p>\n<p>(100 minut, napisy w j\u0119zyku agnielskim)<\/p>\n<p>Uniwersytet Sooreh w Teheranie (IRAN)<\/p>\n<p>Jaber Ramezani\u00a0<i><strong>Dru\u017cyna p\u0142ywacka<\/strong><\/i><\/p>\n<p>(60 minut, napisy w j\u0119zyku angielskim)<\/p>\n<p>Kr\u00f3lewska Wy\u017csza Szko\u0142a Sztuk Dramatycznych w Madrycie (HISZPANIA)<\/p>\n<p><strong><i>Puste gesty\u00a0<\/i><a href=\"http:\/\/festivalitselfpl.files.wordpress.com\/2013\/03\/slowacja.pdf\">(wi\u0119cej)<\/a><\/strong><\/p>\n<p>(120 minut, napisy w j\u0119zyku angielskim)<\/p>\n<p>Akademia Teatralna im. Aleksandra Zelwerowicza w Warszawie (POLSKA)<\/p>\n<p>Susanne Schneider\u00a0<strong><i>Noce si\u00f3str Bront\u00eb\u00a0<\/i><a href=\"http:\/\/festivalitselfpl.files.wordpress.com\/2013\/03\/at_bronte.pdf\">(wi\u0119cej)<\/a><\/strong><\/p>\n<p>(90 minut)<\/p>\n<p>&nbsp;<\/p>\n<p><span style=\"color:#008000\"><strong>OFF<\/strong><\/span><\/p>\n<p>Kuba\u0144ski Uniwersytet Sztuk w Hawanie (KUBA)<\/p>\n<p><strong><i>Dementia Praecox No. 20\u00a0<\/i><\/strong>wg <i>Wariata i zakonnicy <\/i>Stanis\u0142awa Ignacego Witkiewicza\u00a0<strong><a href=\"http:\/\/festivalitselfpl.files.wordpress.com\/2013\/06\/off-kuba.pdf\">(wi\u0119cej)<\/a><\/strong><\/p>\n<p>(60 minut)<\/p>\n<p>Uniwersytet Sztuk Folkwang w Essen (NIEMCY)<\/p>\n<p>Ferenc Moln\u00e1r\u00a0<strong><i>Liliom<\/i>\u00a0<a href=\"http:\/\/festivalitselfpl.files.wordpress.com\/2013\/03\/niemcy.pdf\">(wi\u0119cej)<\/a><\/strong><\/p>\n<p>(projekcja filmowa,70 minut, napisy w j\u0119zyku polskim oraz angielskim)<\/p>\n<p><b>\u00a0<\/b>Akademia Teatralna im. Aleksandra Zelwerowicza w Warszawie (POLSKA)<\/p>\n<p><strong><i>Julia musi umrze\u0107\u00a0<\/i><\/strong>wg<i> Romea i Julii <\/i>Williama Shakespeare\u2019a\u00a0<strong><a href=\"http:\/\/festivalitselfpl.files.wordpress.com\/2013\/06\/off-julia-musi-umrzec487.pdf\">(wi\u0119cej)<\/a><\/strong><\/p>\n<p>(45 minut)<\/p>\n<p>Akademia Sztuk Scenicznych w Sarajewie (BO\u015aNIA I HERCEGOWINA)<\/p>\n<p>Marie Jones\u00a0<strong><i>Kamienie w kieszeniach\u00a0<\/i><a href=\"http:\/\/festivalitselfpl.files.wordpress.com\/2013\/06\/off-sarajewo.pdf\">(wi\u0119cej)<\/a><\/strong><\/p>\n<p>(75 minut)<\/p>\n<p>Sleepwalk Collective (HISZPANIA)<\/p>\n<p><strong><i>As The Flames Rose We Danced To The Sirens, The Sirens\u00a0<\/i><a href=\"http:\/\/festivalitselfpl.files.wordpress.com\/2013\/06\/off-hiszpania.pdf\">(wi\u0119cej)<\/a><\/strong><\/p>\n<p>(35 minut)<\/p>\n<p>&nbsp;<\/p>\n<p><span style=\"color:#008000\"><strong>Spektakle pozakonkursowe:<\/strong><\/span><\/p>\n<p>Akademia Teatralna im. Aleksandra Zelwerowicza w Warszawie (POLSKA)<\/p>\n<p><strong><i>Film\u00a0<\/i><a href=\"http:\/\/festivalitselfpl.files.wordpress.com\/2013\/06\/film_opis.pdf\">(wi\u0119cej)<\/a><\/strong><\/p>\n<p>(55 minut, napisy w j\u0119zyku angielskim)<\/p>\n<p>Pa\u0144stwowa Wy\u017csza Szko\u0142a Teatralna im. Ludwika Solskiego w Krakowie (POLSKA)<\/p>\n<p><strong><i>Niech no tylko zakwitn\u0105 jab\u0142onie\u00a0<\/i><a href=\"http:\/\/festivalitselfpl.files.wordpress.com\/2013\/06\/niech-no-tylko-zakwitnc485-jabc582onie1.pdf\">(wi\u0119cej)<\/a><\/strong><\/p>\n<p>(100 minut)<\/p>\n<p>&nbsp;<\/p>\n","protected":false},"excerpt":{"rendered":"<p>Konkurs g\u0142\u00f3wny: Kr\u00f3lewska Szkocka Akademia w Glasgow (SZKOCJA) Howard Barker\u00a0Mo\u017cliwo\u015bci\u00a0(wi\u0119cej) (120 minut, napisy w j\u0119zyku polskim oraz angielskim) Pa\u0144stwowa Wy\u017csza Szko\u0142a Filmowa Telewizyjna i Teatralna w \u0141odzi (POLSKA) Mark Ravenhill\u00a0Shopping and Fucking\u00a0 (100 minut, napisy w j\u0119zyku angielskim) \u0141otewska Akademia Kultury w Rydze (\u0141OTWA) Ch\u0142opcy\u00a0wg Braci Karamazow Fiodora Dostojewskiego\u00a0(wi\u0119cej) (110 minut, napisy w j\u0119zyku angielskim) [&hellip;]<\/p>\n","protected":false},"author":1,"featured_media":0,"parent":62,"menu_order":49,"comment_status":"open","ping_status":"closed","template":"","meta":{"_acf_changed":false,"footnotes":""},"class_list":["post-67","page","type-page","status-publish","hentry"],"acf":[],"jetpack_shortlink":"https:\/\/wp.me\/P8N69B-15","jetpack_sharing_enabled":true,"_links":{"self":[{"href":"https:\/\/festiwal.at.edu.pl\/en\/wp-json\/wp\/v2\/pages\/67"}],"collection":[{"href":"https:\/\/festiwal.at.edu.pl\/en\/wp-json\/wp\/v2\/pages"}],"about":[{"href":"https:\/\/festiwal.at.edu.pl\/en\/wp-json\/wp\/v2\/types\/page"}],"author":[{"embeddable":true,"href":"https:\/\/festiwal.at.edu.pl\/en\/wp-json\/wp\/v2\/users\/1"}],"replies":[{"embeddable":true,"href":"https:\/\/festiwal.at.edu.pl\/en\/wp-json\/wp\/v2\/comments?post=67"}],"version-history":[{"count":0,"href":"https:\/\/festiwal.at.edu.pl\/en\/wp-json\/wp\/v2\/pages\/67\/revisions"}],"up":[{"embeddable":true,"href":"https:\/\/festiwal.at.edu.pl\/en\/wp-json\/wp\/v2\/pages\/62"}],"wp:attachment":[{"href":"https:\/\/festiwal.at.edu.pl\/en\/wp-json\/wp\/v2\/media?parent=67"}],"curies":[{"name":"wp","href":"https:\/\/api.w.org\/{rel}","templated":true}]}}