{"id":2407,"date":"2017-05-30T15:59:33","date_gmt":"2017-05-30T13:59:33","guid":{"rendered":"http:\/\/festiwal.at.edu.pl\/?page_id=2407"},"modified":"2017-05-30T15:59:33","modified_gmt":"2017-05-30T13:59:33","slug":"mapa-strony","status":"publish","type":"page","link":"https:\/\/festiwal.at.edu.pl\/en\/mapa-strony\/","title":{"rendered":"Sitemap"},"content":{"rendered":"<p id=\"htmlmap_cats\"><span class=\"cat\"><a href=\"#cat_1\">News<\/a> <small>[45]<\/small><\/span>, <span class=\"cat\"><a href=\"#cat_16\">Reviews<\/a> <small>[6]<\/small><\/span>, <span class=\"cat\"><a href=\"#cat_14\">News<\/a> <small>[7]<\/small><\/span><\/p><div id=\"htmlmap_posts\">\n<h2 id='cat_1'>News <small>[45]<\/small> <a href='#htmlmap_cats'>&uarr;<\/a><\/h2>\n<ul>\n<li><small>2019-10-11<\/small>&nbsp;<a href=\"https:\/\/festiwal.at.edu.pl\/en\/final\/\">(Polski) Fina\u0142<\/a><\/li>\n<li><small>2019-10-08<\/small>&nbsp;<a href=\"https:\/\/festiwal.at.edu.pl\/en\/3603-2\/\">Verdict of 10th International Theater Schools Festival ITSelF<\/a><\/li>\n<li><small>2019-10-08<\/small>&nbsp;<a href=\"https:\/\/festiwal.at.edu.pl\/en\/piosenka-jest-dobra-na-wszystko\/\">Piosenka jest dobra na wszystko?<\/a><\/li>\n<li><small>2019-10-07<\/small>&nbsp;<a href=\"https:\/\/festiwal.at.edu.pl\/en\/a-potem-niech-wali-sie-swiat\/\">(Polski) \"\u2026a potem niech wali si\u0119 \u015bwiat\"<\/a><\/li>\n<li><small>2019-10-06<\/small>&nbsp;<a href=\"https:\/\/festiwal.at.edu.pl\/en\/rodziny-sie-nie-wybiera\/\">(Polski) Rodziny si\u0119 nie wybiera<\/a><\/li>\n<li><small>2019-10-05<\/small>&nbsp;<a href=\"https:\/\/festiwal.at.edu.pl\/en\/kwestie-narodowe-i-cyfrowe\/\">(Polski) Kwestie narodowe i cyfrowe<\/a><\/li>\n<li><small>2019-10-04<\/small>&nbsp;<a href=\"https:\/\/festiwal.at.edu.pl\/en\/granice\/\">(Polski) Granice<\/a><\/li>\n<li><small>2019-09-20<\/small>&nbsp;<a href=\"https:\/\/festiwal.at.edu.pl\/en\/zwiastun-festiwalu\/\">Festival's trailer<\/a><\/li>\n<li><small>2019-09-16<\/small>&nbsp;<a href=\"https:\/\/festiwal.at.edu.pl\/en\/warsztaty-szekspirowskie\/\">(Polski) Warsztaty szekspirowskie!<\/a><\/li>\n<li><small>2019-09-11<\/small>&nbsp;<a href=\"https:\/\/festiwal.at.edu.pl\/en\/plakat-itself-festival-2019\/\">New poster is here!<\/a><\/li>\n<li><small>2019-08-30<\/small>&nbsp;<a href=\"https:\/\/festiwal.at.edu.pl\/en\/znamy-tegoroczny-sklad-jury\/\">Here comes JURY of 10th ITSelF!<\/a><\/li>\n<li><small>2019-07-16<\/small>&nbsp;<a href=\"https:\/\/festiwal.at.edu.pl\/en\/warsztaty-z-mediow-spolecznosciowych-dla-studentow-i-studentek-at\/\">(Polski) Warsztaty z medi\u00f3w spo\u0142eczno\u015bciowych dla student\u00f3w i studentek AT<\/a><\/li>\n<li><small>2019-06-27<\/small>&nbsp;<a href=\"https:\/\/festiwal.at.edu.pl\/en\/nowe-spektakle-w-glownym-programie-festiwalu\/\">New perfomances in the Festival Main Programme<\/a><\/li>\n<li><small>2019-04-10<\/small>&nbsp;<a href=\"https:\/\/festiwal.at.edu.pl\/en\/finalisci-wybrani\/\">10th ITSelF Festival finalists are chosen!<\/a><\/li>\n<li><small>2019-03-26<\/small>&nbsp;<a href=\"https:\/\/festiwal.at.edu.pl\/en\/nowa-data-ogloszenia-wynikow\/\">New date of publishing the performance selection<\/a><\/li>\n<li><small>2019-03-07<\/small>&nbsp;<a href=\"https:\/\/festiwal.at.edu.pl\/en\/trwaja-prace-rady-artystycznej\/\">The works of the Artistic Council has started<\/a><\/li>\n<li><small>2019-02-13<\/small>&nbsp;<a href=\"https:\/\/festiwal.at.edu.pl\/en\/english-10th-itself-call-for-applications-has-ended\/\">10th ITSeLF call for applications has ended<\/a><\/li>\n<li><small>2017-09-08<\/small>&nbsp;<a href=\"https:\/\/festiwal.at.edu.pl\/en\/janusz-glowacki\/\">Janusz G\u0142owacki<\/a><\/li>\n<li><small>2017-07-12<\/small>&nbsp;<a href=\"https:\/\/festiwal.at.edu.pl\/en\/english-domagala_sie_itselfu-part-three\/\">(Polski) DOMAGA\u0141A_sie_iTSelFu. Part Three.<\/a><\/li>\n<li><small>2017-07-07<\/small>&nbsp;<a href=\"https:\/\/festiwal.at.edu.pl\/en\/nagroda-jury-dziennikarskiego\/\">Media Jury verdict<\/a><\/li>\n<li><small>2017-07-07<\/small>&nbsp;<a href=\"https:\/\/festiwal.at.edu.pl\/en\/starzy-nowi-hamleci\/\">The Old New Hamlets<\/a><\/li>\n<li><small>2017-07-06<\/small>&nbsp;<a href=\"https:\/\/festiwal.at.edu.pl\/en\/domagala_sie_itselfu-part-two\/\">(Polski) Domaga\u0142a_sie_iTSelFu. Part Two.<\/a><\/li>\n<li><small>2017-07-06<\/small>&nbsp;<a href=\"https:\/\/festiwal.at.edu.pl\/en\/pod-prad\/\">Upstream<\/a><\/li>\n<li><small>2017-07-06<\/small>&nbsp;<a href=\"https:\/\/festiwal.at.edu.pl\/en\/slapstrip\/\">Slapstrip<\/a><\/li>\n<li><small>2017-07-05<\/small>&nbsp;<a href=\"https:\/\/festiwal.at.edu.pl\/en\/panie-obdarz-nas-cierpliwoscia\/\">Bestow patience upon us<\/a><\/li>\n<li><small>2017-07-05<\/small>&nbsp;<a href=\"https:\/\/festiwal.at.edu.pl\/en\/smutne-serduszka\/\">Sad hearts<\/a><\/li>\n<li><small>2017-07-05<\/small>&nbsp;<a href=\"https:\/\/festiwal.at.edu.pl\/en\/zarna-rewolucji\/\">The querns of revolution<\/a><\/li>\n<li><small>2017-07-05<\/small>&nbsp;<a href=\"https:\/\/festiwal.at.edu.pl\/en\/krotki-spektakl-o\/\">A short spectacle about\u2026<\/a><\/li>\n<li><small>2017-07-04<\/small>&nbsp;<a href=\"https:\/\/festiwal.at.edu.pl\/en\/slepcy\/\">The blind<\/a><\/li>\n<li><small>2017-07-04<\/small>&nbsp;<a href=\"https:\/\/festiwal.at.edu.pl\/en\/swiateczne-kobiety-albo-zony-bolesci\/\">(Polski) \u015awi\u0105teczne kobiety albo \u017cony bole\u015bci<\/a><\/li>\n<li><small>2017-07-04<\/small>&nbsp;<a href=\"https:\/\/festiwal.at.edu.pl\/en\/az-do-bolu\/\">Painfully<\/a><\/li>\n<li><small>2017-07-04<\/small>&nbsp;<a href=\"https:\/\/festiwal.at.edu.pl\/en\/opus-absurdus\/\">Opus absurdus<\/a><\/li>\n<li><small>2017-07-04<\/small>&nbsp;<a href=\"https:\/\/festiwal.at.edu.pl\/en\/domagala_sie_itselfu-part-one\/\">(Polski) DOMAGA\u0141A_sie_iTSelFu. Part One.<\/a><\/li>\n<li><small>2017-07-03<\/small>&nbsp;<a href=\"https:\/\/festiwal.at.edu.pl\/en\/odleglosc-szeptu\/\">The distance of a whisper<\/a><\/li>\n<li><small>2017-07-03<\/small>&nbsp;<a href=\"https:\/\/festiwal.at.edu.pl\/en\/brzmienie-samotnosci\/\">The sound of loneliness<\/a><\/li>\n<li><small>2017-07-03<\/small>&nbsp;<a href=\"https:\/\/festiwal.at.edu.pl\/en\/tequila-i-ostrogi\/\">Tequila and spurs<\/a><\/li>\n<li><small>2017-07-03<\/small>&nbsp;<a href=\"https:\/\/festiwal.at.edu.pl\/en\/mlodzi-gniewni-albo-the-debil-inside-him\/\">Dangerous minds or the Debil Inside Him<\/a><\/li>\n<li><small>2017-07-02<\/small>&nbsp;<a href=\"https:\/\/festiwal.at.edu.pl\/en\/na-zachodzie-bez-zmian\/\">All Quiet on the Western Front<\/a><\/li>\n<li><small>2017-07-02<\/small>&nbsp;<a href=\"https:\/\/festiwal.at.edu.pl\/en\/niecodziennosc\/\">The (not-so) everyday life<\/a><\/li>\n<li><small>2017-07-02<\/small>&nbsp;<a href=\"https:\/\/festiwal.at.edu.pl\/en\/fucktywizm\/\">Fucktivism<\/a><\/li>\n<li><small>2017-07-01<\/small>&nbsp;<a href=\"https:\/\/festiwal.at.edu.pl\/en\/milosc-ci-wszystko-wybaczy\/\">Love forgives all?<\/a><\/li>\n<li><small>2017-07-01<\/small>&nbsp;<a href=\"https:\/\/festiwal.at.edu.pl\/en\/poezja-deficytu-magia-nadmiaru\/\">The poetics of deficit, the magic of excess<\/a><\/li>\n<li><small>2017-07-01<\/small>&nbsp;<a href=\"https:\/\/festiwal.at.edu.pl\/en\/wszyscy-jestesmy-terrorystami\/\">We are all terrorists<\/a><\/li>\n<li><small>2017-06-29<\/small>&nbsp;<a href=\"https:\/\/festiwal.at.edu.pl\/en\/szanowny-panie-prezydencie\/\">Dear Mr. President<\/a><\/li>\n<li><small>2017-06-27<\/small>&nbsp;<a href=\"https:\/\/festiwal.at.edu.pl\/en\/konferencja-prasowa\/\">Press conference<\/a>\n<h3 id='cat_16'>Reviews <small>[6]<\/small> <a href='#htmlmap_cats'>&uarr;<\/a><\/h3>\n<ul>\n<li><small>2019-10-11<\/small>&nbsp;<a href=\"https:\/\/festiwal.at.edu.pl\/en\/final\/\">(Polski) Fina\u0142<\/a><\/li>\n<li><small>2019-10-08<\/small>&nbsp;<a href=\"https:\/\/festiwal.at.edu.pl\/en\/piosenka-jest-dobra-na-wszystko\/\">Piosenka jest dobra na wszystko?<\/a><\/li>\n<li><small>2019-10-07<\/small>&nbsp;<a href=\"https:\/\/festiwal.at.edu.pl\/en\/a-potem-niech-wali-sie-swiat\/\">(Polski) \"\u2026a potem niech wali si\u0119 \u015bwiat\"<\/a><\/li>\n<li><small>2019-10-06<\/small>&nbsp;<a href=\"https:\/\/festiwal.at.edu.pl\/en\/rodziny-sie-nie-wybiera\/\">(Polski) Rodziny si\u0119 nie wybiera<\/a><\/li>\n<li><small>2019-10-05<\/small>&nbsp;<a href=\"https:\/\/festiwal.at.edu.pl\/en\/kwestie-narodowe-i-cyfrowe\/\">(Polski) Kwestie narodowe i cyfrowe<\/a><\/li>\n<li><small>2019-10-04<\/small>&nbsp;<a href=\"https:\/\/festiwal.at.edu.pl\/en\/granice\/\">(Polski) Granice<\/a>\n<\/li>\n<\/ul>\n\n<\/li>\n<\/ul>\n\n<h2 id='cat_14'>News <small>[7]<\/small> <a href='#htmlmap_cats'>&uarr;<\/a><\/h2>\n<ul>\n<li><small>2019-02-13<\/small>&nbsp;<a href=\"https:\/\/festiwal.at.edu.pl\/en\/english-10th-itself-call-for-applications-has-ended\/\">10th ITSeLF call for applications has ended<\/a><\/li>\n<li><small>2017-07-06<\/small>&nbsp;<a href=\"https:\/\/festiwal.at.edu.pl\/en\/werdykt-jury-9-miedzynarodowego-festiwalu-szkol-teatralnych-itself-2017\/\">Verdict of the 9th ITSelF<\/a><\/li>\n<li><small>2017-07-06<\/small>&nbsp;<a href=\"https:\/\/festiwal.at.edu.pl\/en\/nagroda-publicznosci-glosowanie-do-godz-15-00\/\">For Audience Award you may vote until 3 p.m.<\/a><\/li>\n<li><small>2017-07-04<\/small>&nbsp;<a href=\"https:\/\/festiwal.at.edu.pl\/en\/wizyta-prezydenta-usa-zmiany-w-ruchu\/\">Presidential visit to USA - changes in traffic<\/a><\/li>\n<li><small>2017-06-30<\/small>&nbsp;<a href=\"https:\/\/festiwal.at.edu.pl\/en\/2801-2\/\">(Polski) DOMAGALAsieITSELF<\/a><\/li>\n<li><small>2017-06-29<\/small>&nbsp;<a href=\"https:\/\/festiwal.at.edu.pl\/en\/szanowny-panie-prezydencie\/\">Dear Mr. President<\/a><\/li>\n<li><small>2017-06-28<\/small>&nbsp;<a href=\"https:\/\/festiwal.at.edu.pl\/en\/psy-peru-zmiana-daty-i-godzin\/\">The Peruvian performances of \"Dogs (Psy)\" will take place on 3rd of July at 3.00 and 6.30 PM<\/a>\n<\/li>\n<\/ul>\n\n<\/div><h2>All Pages<\/h2><ul id=\"htmlmap_pages\"><li><a href=\"https:\/\/festiwal.at.edu.pl\/en\/3136-2\/\" title=\"\"><\/a><\/li><li><a href=\"https:\/\/festiwal.at.edu.pl\/en\/3131-2\/\" title=\"\"><\/a><\/li><li><a href=\"https:\/\/festiwal.at.edu.pl\/en\/english-european-aspect-of-itself-festival\/\" title=\"European aspect of ITSelF Festival\">European aspect of ITSelF Festival<\/a><\/li><li><a href=\"https:\/\/festiwal.at.edu.pl\/en\/the-aleksander-zelwerowicz-national-academy-of-dramatic-arts-in-warsaw-2\/\" title=\"The Aleksander Zelwerowicz National Academy of Dramatic Art in Warsaw\">The Aleksander Zelwerowicz National Academy of Dramatic Art in Warsaw<\/a><\/li><li><a href=\"https:\/\/festiwal.at.edu.pl\/en\/archiwum-aktualnosci\/\" title=\"News archive\">News archive<\/a><\/li><li><a href=\"https:\/\/festiwal.at.edu.pl\/en\/archiwum-festiwalu\/\" title=\"Archive\">Archive<\/a><\/li><li><a href=\"https:\/\/festiwal.at.edu.pl\/en\/archiwum-festiwalu\/archiwum_9\/\" title=\"Archive of the 9. ITSelF Festival\">Archive of the 9. ITSelF Festival<\/a><\/li><li><a href=\"https:\/\/festiwal.at.edu.pl\/en\/archiwum-festiwalu\/archiwum_9\/9-biuro-festiwalowe\/\" title=\"Organizers\">Organizers<\/a><\/li><li><a href=\"https:\/\/festiwal.at.edu.pl\/en\/archiwum-festiwalu\/archiwum_9\/miedzynarodowe-sympozjum-giessen-i-inni-trans-dyscyplinarne-nauczanie-teatru\/\" title=\"GIESSEN AND OTHERS \u2013 CROSS-DISCIPLINARY THEATRE EDUCATION\">GIESSEN AND OTHERS \u2013 CROSS-DISCIPLINARY THEATRE EDUCATION<\/a><\/li><li><a href=\"https:\/\/festiwal.at.edu.pl\/en\/archiwum-festiwalu\/archiwum_9\/materialy-prasowe\/\" title=\"(Polski) Materia\u0142y prasowe\">(Polski) Materia\u0142y prasowe<\/a><\/li><li><a href=\"https:\/\/festiwal.at.edu.pl\/en\/archiwum-festiwalu\/archiwum_9\/media-o-nas\/\" title=\"(Polski) Media o nas\">(Polski) Media o nas<\/a><\/li><li><a href=\"https:\/\/festiwal.at.edu.pl\/en\/archiwum-festiwalu\/archiwum_9\/program\/\" title=\"Programme\">Programme<\/a><\/li><li><a href=\"https:\/\/festiwal.at.edu.pl\/en\/archiwum-festiwalu\/archiwum_9\/rada-artystyczna-2\/\" title=\"Artistic Board\">Artistic Board<\/a><\/li><li><a href=\"https:\/\/festiwal.at.edu.pl\/en\/archiwum-festiwalu\/archiwum_9\/werdykt-jury-9-miedzynarodowego-festiwalu-szkol-teatralnych-itself-2017\/\" title=\"Verdict of the 9th International Theatre Schools Festival ITSelF 2017\">Verdict of the 9th International Theatre Schools Festival ITSelF 2017<\/a><\/li><li><a href=\"https:\/\/festiwal.at.edu.pl\/en\/archiwum-festiwalu\/archiwum_9\/jury-festiwalu\/\" title=\"Jury\">Jury<\/a><\/li><li><a href=\"https:\/\/festiwal.at.edu.pl\/en\/archiwum-festiwalu\/archiwum_9\/jury-festiwalu\/jury-dziennikarskie\/\" title=\"Media jury\">Media jury<\/a><\/li><li><a href=\"https:\/\/festiwal.at.edu.pl\/en\/archiwum-festiwalu\/archiwum-7-festiwalu-itself\/\" title=\"Archiwum 7. Festiwalu ITSelF\">Archiwum 7. Festiwalu ITSelF<\/a><\/li><li><a href=\"https:\/\/festiwal.at.edu.pl\/en\/archiwum-festiwalu\/archiwum-7-festiwalu-itself\/aktualnosci-7\/\" title=\"Aktualno\u015bci\">Aktualno\u015bci<\/a><\/li><li><a href=\"https:\/\/festiwal.at.edu.pl\/en\/archiwum-festiwalu\/archiwum-7-festiwalu-itself\/biuro-festiwalowe-7-itself\/\" title=\"Biuro Festiwalowe\">Biuro Festiwalowe<\/a><\/li><li><a href=\"https:\/\/festiwal.at.edu.pl\/en\/archiwum-festiwalu\/archiwum-7-festiwalu-itself\/jury-h-committe\/\" title=\"Jury\">Jury<\/a><\/li><li><a href=\"https:\/\/festiwal.at.edu.pl\/en\/archiwum-festiwalu\/archiwum-7-festiwalu-itself\/honourable-committee\/\" title=\"Komitet Honorowy\">Komitet Honorowy<\/a><\/li><li><a href=\"https:\/\/festiwal.at.edu.pl\/en\/archiwum-festiwalu\/archiwum-7-festiwalu-itself\/materialy-dla-prasy\/\" title=\"Materia\u0142y dla prasy\">Materia\u0142y dla prasy<\/a><\/li><li><a href=\"https:\/\/festiwal.at.edu.pl\/en\/archiwum-festiwalu\/archiwum-7-festiwalu-itself\/media\/\" title=\"Media\">Media<\/a><\/li><li><a href=\"https:\/\/festiwal.at.edu.pl\/en\/archiwum-festiwalu\/archiwum-7-festiwalu-itself\/organizers\/\" title=\"Organizatorzy\">Organizatorzy<\/a><\/li><li><a href=\"https:\/\/festiwal.at.edu.pl\/en\/archiwum-festiwalu\/archiwum-7-festiwalu-itself\/prasa-o-nas\/\" title=\"Prasa o nas\">Prasa o nas<\/a><\/li><li><a href=\"https:\/\/festiwal.at.edu.pl\/en\/archiwum-festiwalu\/archiwum-7-festiwalu-itself\/programme\/\" title=\"Program\">Program<\/a><\/li><li><a href=\"https:\/\/festiwal.at.edu.pl\/en\/archiwum-festiwalu\/archiwum-7-festiwalu-itself\/programme\/events\/\" title=\"Imprezy towarzysz\u0105ce\">Imprezy towarzysz\u0105ce<\/a><\/li><li><a href=\"https:\/\/festiwal.at.edu.pl\/en\/archiwum-festiwalu\/archiwum-7-festiwalu-itself\/programme\/performances\/\" title=\"Spektakle\">Spektakle<\/a><\/li><li><a href=\"https:\/\/festiwal.at.edu.pl\/en\/archiwum-festiwalu\/archiwum-7-festiwalu-itself\/programme\/workshops\/\" title=\"Warsztaty\">Warsztaty<\/a><\/li><li><a href=\"https:\/\/festiwal.at.edu.pl\/en\/archiwum-festiwalu\/archiwum-7-festiwalu-itself\/artistic-council\/\" title=\"Rada Artystyczna\">Rada Artystyczna<\/a><\/li><li><a href=\"https:\/\/festiwal.at.edu.pl\/en\/archiwum-festiwalu\/archiwum-7-festiwalu-itself\/werdykt-jury\/\" title=\"Werdykt Jury\">Werdykt Jury<\/a><\/li><li><a href=\"https:\/\/festiwal.at.edu.pl\/en\/archiwum-festiwalu\/archiwum\/\" title=\"Archiwum 8. Festiwalu ITSelF\">Archiwum 8. Festiwalu ITSelF<\/a><\/li><li><a href=\"https:\/\/festiwal.at.edu.pl\/en\/archiwum-festiwalu\/archiwum\/jury2015\/\" title=\"Jury\">Jury<\/a><\/li><li><a href=\"https:\/\/festiwal.at.edu.pl\/en\/archiwum-festiwalu\/archiwum\/komitet-honorowy\/\" title=\"Komitet Honorowy\">Komitet Honorowy<\/a><\/li><li><a href=\"https:\/\/festiwal.at.edu.pl\/en\/archiwum-festiwalu\/archiwum\/nagroda-publicznosci\/\" title=\"Nagroda publiczno\u015bci\">Nagroda publiczno\u015bci<\/a><\/li><li><a href=\"https:\/\/festiwal.at.edu.pl\/en\/archiwum-festiwalu\/archiwum\/programme-2\/\" title=\"Program\">Program<\/a><\/li><li><a href=\"https:\/\/festiwal.at.edu.pl\/en\/archiwum-festiwalu\/archiwum\/rada-artystyczna\/\" title=\"Rada Artystyczna\">Rada Artystyczna<\/a><\/li><li><a href=\"https:\/\/festiwal.at.edu.pl\/en\/archiwum-festiwalu\/archiwum\/spektakle-konkursowe\/\" title=\"Spektakle konkursowe\">Spektakle konkursowe<\/a><\/li><li><a href=\"https:\/\/festiwal.at.edu.pl\/en\/archiwum-festiwalu\/archiwum\/spektakle-offowe\/\" title=\"Spektakle offowe\">Spektakle offowe<\/a><\/li><li><a href=\"https:\/\/festiwal.at.edu.pl\/en\/aspekt-wyszehradzki\/\" title=\"VISEGRAD ASPECT\">VISEGRAD ASPECT<\/a><\/li><li><a href=\"https:\/\/festiwal.at.edu.pl\/en\/bilety\/\" title=\"Tickets\">Tickets<\/a><\/li><li><a href=\"https:\/\/festiwal.at.edu.pl\/en\/o-festiwalu\/\" title=\"The Festival\">The Festival<\/a><\/li><li><a href=\"https:\/\/festiwal.at.edu.pl\/en\/o-festiwalu\/europejski-charakter-festiwalu-itself\/\" title=\"European aspect of Festival\">European aspect of Festival<\/a><\/li><li><a href=\"https:\/\/festiwal.at.edu.pl\/en\/o-festiwalu\/english-the-honorary-committee-of-the-10th-itself-festival\/\" title=\"The Honorary Committee \/ iTSelF #10\">The Honorary Committee \/ iTSelF #10<\/a><\/li><li><a href=\"https:\/\/festiwal.at.edu.pl\/en\/o-festiwalu\/biuro-festiwalowe-9\/\" title=\"Organizing Committee\">Organizing Committee<\/a><\/li><li><a href=\"https:\/\/festiwal.at.edu.pl\/en\/o-festiwalu\/rada-artystyczna\/\" title=\"Artistic Board\">Artistic Board<\/a><\/li><li><a href=\"https:\/\/festiwal.at.edu.pl\/en\/o-festiwalu\/english-aplication-form-and-rules-and-regulations\/\" title=\"Application form and Rules and Regulations\">Application form and Rules and Regulations<\/a><\/li><li><a href=\"https:\/\/festiwal.at.edu.pl\/en\/english-catalogue-from-2017\/\" title=\"Catalogue from 2017\">Catalogue from 2017<\/a><\/li><li><a href=\"https:\/\/festiwal.at.edu.pl\/en\/katalog-9-festiwalu\/\" title=\"Catalogue of the Festival ITSelF 2017\">Catalogue of the Festival ITSelF 2017<\/a><\/li><li><a href=\"https:\/\/festiwal.at.edu.pl\/en\/conference\/\" title=\"Conference \"Change \u2013 now!\"\">Conference \"Change \u2013 now!\"<\/a><\/li><li><a href=\"https:\/\/festiwal.at.edu.pl\/en\/kontakt\/\" title=\"Contact us\">Contact us<\/a><\/li><li><a href=\"https:\/\/festiwal.at.edu.pl\/en\/mapa-strony\/\" title=\"Sitemap\">Sitemap<\/a><\/li><li><a href=\"https:\/\/festiwal.at.edu.pl\/en\/nagroda-publicznosci\/\" title=\"Audience Award\">Audience Award<\/a><\/li><li><a href=\"https:\/\/festiwal.at.edu.pl\/en\/nagroda-p\/\" title=\"Audience Aword\">Audience Aword<\/a><\/li><li><a href=\"https:\/\/festiwal.at.edu.pl\/en\/informacje-prasowe\/\" title=\"Informacje prasowe\">Informacje prasowe<\/a><\/li><li><a href=\"https:\/\/festiwal.at.edu.pl\/en\/jury-2019\/\" title=\"Jury\">Jury<\/a><\/li><li><a href=\"https:\/\/festiwal.at.edu.pl\/en\/contact\/\" title=\"Kontakt\">Kontakt<\/a><\/li><li><a href=\"https:\/\/festiwal.at.edu.pl\/en\/organizatorzy-biuro-festiwalowe\/\" title=\"Organizatorzy - Biuro Festiwalowe\">Organizatorzy - Biuro Festiwalowe<\/a><\/li><\/ul>\n","protected":false},"excerpt":{"rendered":"","protected":false},"author":1,"featured_media":0,"parent":0,"menu_order":21,"comment_status":"closed","ping_status":"closed","template":"","meta":{"_acf_changed":false,"footnotes":""},"class_list":["post-2407","page","type-page","status-publish","hentry"],"acf":[],"jetpack_shortlink":"https:\/\/wp.me\/P8N69B-CP","jetpack_sharing_enabled":true,"_links":{"self":[{"href":"https:\/\/festiwal.at.edu.pl\/en\/wp-json\/wp\/v2\/pages\/2407"}],"collection":[{"href":"https:\/\/festiwal.at.edu.pl\/en\/wp-json\/wp\/v2\/pages"}],"about":[{"href":"https:\/\/festiwal.at.edu.pl\/en\/wp-json\/wp\/v2\/types\/page"}],"author":[{"embeddable":true,"href":"https:\/\/festiwal.at.edu.pl\/en\/wp-json\/wp\/v2\/users\/1"}],"replies":[{"embeddable":true,"href":"https:\/\/festiwal.at.edu.pl\/en\/wp-json\/wp\/v2\/comments?post=2407"}],"version-history":[{"count":1,"href":"https:\/\/festiwal.at.edu.pl\/en\/wp-json\/wp\/v2\/pages\/2407\/revisions"}],"predecessor-version":[{"id":2408,"href":"https:\/\/festiwal.at.edu.pl\/en\/wp-json\/wp\/v2\/pages\/2407\/revisions\/2408"}],"wp:attachment":[{"href":"https:\/\/festiwal.at.edu.pl\/en\/wp-json\/wp\/v2\/media?parent=2407"}],"curies":[{"name":"wp","href":"https:\/\/api.w.org\/{rel}","templated":true}]}}