{"id":2029,"date":"2017-05-25T11:26:37","date_gmt":"2017-05-25T11:26:37","guid":{"rendered":"http:\/\/festiwal.at.edu.pl\/?page_id=2029"},"modified":"2017-06-10T22:30:05","modified_gmt":"2017-06-10T20:30:05","slug":"organizatorzy-biuro-festiwalowe","status":"publish","type":"page","link":"https:\/\/festiwal.at.edu.pl\/en\/organizatorzy-biuro-festiwalowe\/","title":{"rendered":"Organizatorzy &#8211; Biuro Festiwalowe"},"content":{"rendered":"<p style=\"text-align:center\"><img loading=\"lazy\" decoding=\"async\" class=\"  wp-image-1610 aligncenter\" src=\"\/wp-content\/uploads\/sites\/3\/img_archive\/internet_fot_bartek_warzecha_c2a9_dsf1056.jpg\" alt=\"INTERNET_fot_Bartek_Warzecha_\u00a9_DSF1056\" width=\"260\" height=\"626\" \/><\/p>\n<p style=\"text-align:center\"><strong>WOJCIECH MALAJKAT<br \/>\n<\/strong>dyrektor festiwalu<\/p>\n<p style=\"text-align:center\"><img loading=\"lazy\" decoding=\"async\" class=\"  wp-image-1622 aligncenter\" src=\"\/wp-content\/uploads\/sites\/3\/img_archive\/internet_fot_bartek_warzecha_c2a9_dsf1051.jpg\" alt=\"INTERNET_fot_Bartek_Warzecha_\u00a9_DSF1051\" width=\"260\" height=\"363\" \/><\/p>\n<p style=\"text-align:center\"><strong>BEATA SZCZUCI\u0143SKA<br \/>\n<\/strong>zast\u0119pca dyrektora festiwalu<\/p>\n<p style=\"text-align:center\"><img loading=\"lazy\" decoding=\"async\" class=\"  wp-image-1621 aligncenter\" src=\"\/wp-content\/uploads\/sites\/3\/img_archive\/internet_fot_bartek_warzecha_c2a9_dsf1018.jpg\" alt=\"INTERNET_fot_Bartek_Warzecha_\u00a9_DSF1018\" width=\"260\" height=\"703\" \/><\/p>\n<p style=\"text-align:center\"><strong>AGNIESZKA ZAJK-TWORKOWSKA<br \/>\n<\/strong>zast\u0119pca dyrektora festiwalu<\/p>\n<p style=\"text-align:center\"><img loading=\"lazy\" decoding=\"async\" class=\"  wp-image-1614 aligncenter\" src=\"\/wp-content\/uploads\/sites\/3\/img_archive\/internet_fot_bartek_warzecha_c2a9_dsf0848.jpg\" alt=\"INTERNET_fot_Bartek_Warzecha_\u00a9_DSF0848\" width=\"260\" height=\"750\" \/><\/p>\n<p style=\"text-align:center\"><strong>DANUTA JANICKA-MIERZWA<br \/>\n<\/strong>kierownik biura festiwalowego<\/p>\n<p style=\"text-align:center\"><strong>MONIKA PRZESPOLEWSKA<br \/>\n<\/strong>zast\u0119pca kierownika biura festiwalowego<\/p>\n<p style=\"text-align:center\"><img loading=\"lazy\" decoding=\"async\" class=\"  wp-image-1613 aligncenter\" src=\"\/wp-content\/uploads\/sites\/3\/img_archive\/internet_fot_bartek_warzecha_c2a9_dsf0820.jpg\" alt=\"INTERNET_fot_Bartek_Warzecha_\u00a9_DSF0820\" width=\"260\" height=\"363\" \/><\/p>\n<p style=\"text-align:center\"><strong>KATARZYNA SZUBI\u0143SKA<br \/>\n<\/strong>specjalista ds.\u00a0sprzeda\u017cy<\/p>\n<p style=\"text-align:center\"><strong><img loading=\"lazy\" decoding=\"async\" class=\"  wp-image-1618 aligncenter\" src=\"\/wp-content\/uploads\/sites\/3\/img_archive\/internet_fot_bartek_warzecha_c2a9_dsf0942.jpg\" alt=\"INTERNET_fot_Bartek_Warzecha_\u00a9_DSF0942\" width=\"260\" height=\"649\" \/><br \/>\nANNA PIOTROWSKA<\/strong><br \/>\nspecjalista ds. promocji<\/p>\n<p style=\"text-align:center\"><img loading=\"lazy\" decoding=\"async\" class=\"  wp-image-1612 aligncenter\" src=\"\/wp-content\/uploads\/sites\/3\/img_archive\/internet_fot_bartek_warzecha_c2a9_dsf0781.jpg\" alt=\"INTERNET_fot_Bartek_Warzecha_\u00a9_DSF0781\" width=\"260\" height=\"712\" \/><\/p>\n<p style=\"text-align:center\"><strong>NATALIA BE\u0141DYGA<br \/>\n<\/strong>kierownik pionu obs\u0142ugi technicznej<\/p>\n<p style=\"text-align:center\"><img loading=\"lazy\" decoding=\"async\" class=\"  wp-image-1619 aligncenter\" src=\"\/wp-content\/uploads\/sites\/3\/img_archive\/internet_fot_bartek_warzecha_c2a9_dsf0959.jpg\" alt=\"INTERNET_fot_Bartek_Warzecha_\u00a9_DSF0959\" width=\"260\" height=\"647\" \/><\/p>\n<p style=\"text-align:center\"><strong>KRZYSZTOF KWIATKOWSKI<br \/>\n<\/strong>obs\u0142uga techniczna<\/p>\n<p style=\"text-align:center\"><img loading=\"lazy\" decoding=\"async\" class=\"  wp-image-1617 aligncenter\" src=\"\/wp-content\/uploads\/sites\/3\/img_archive\/internet_fot_bartek_warzecha_c2a9_dsf0919.jpg\" alt=\"INTERNET_fot_Bartek_Warzecha_\u00a9_DSF0919\" width=\"260\" height=\"622\" \/><\/p>\n<p style=\"text-align:center\"><strong>DAWID MLEKICKI<br \/>\n<\/strong>specjalista ds. logistyki<\/p>\n<p style=\"text-align:center\"><img loading=\"lazy\" decoding=\"async\" class=\"  wp-image-1616 aligncenter\" src=\"\/wp-content\/uploads\/sites\/3\/img_archive\/internet_fot_bartek_warzecha_c2a9_dsf0885.jpg\" alt=\"INTERNET_fot_Bartek_Warzecha_\u00a9_DSF0885\" width=\"260\" height=\"564\" \/><\/p>\n<p style=\"text-align:center\"><strong>KATARZYNA KAJSA JANKOWSKA<br \/>\n<\/strong>asystentka specjalisty ds. logistyki<\/p>\n<p style=\"text-align:center\"><strong>SABINA ZYGMANOWSKA<br \/>\n<\/strong>opieka nad Jury<\/p>\n<p style=\"text-align:center\"><img loading=\"lazy\" decoding=\"async\" class=\"  wp-image-1620 aligncenter\" src=\"\/wp-content\/uploads\/sites\/3\/img_archive\/internet_fot_bartek_warzecha_c2a9_dsf0975.jpg\" alt=\"INTERNET_fot_Bartek_Warzecha_\u00a9_DSF0975\" width=\"260\" height=\"586\" \/><\/p>\n<p style=\"text-align:center\"><strong>IGA KRUK-\u017bURAWSKA<br \/>\n<\/strong>redaktor<\/p>\n<p style=\"text-align:center\"><img loading=\"lazy\" decoding=\"async\" class=\"  wp-image-1615 aligncenter\" src=\"\/wp-content\/uploads\/sites\/3\/img_archive\/internet_fot_bartek_warzecha_c2a9_dsf0873.jpg\" alt=\"INTERNET_fot_Bartek_Warzecha_\u00a9_DSF0873\" width=\"260\" height=\"694\" \/><\/p>\n<p style=\"text-align:center\"><strong>ADAM OZGA<br \/>\n<\/strong>koordynator obs\u0142ugi studencki<\/p>\n<p style=\"text-align:center\"><img loading=\"lazy\" decoding=\"async\" class=\"  wp-image-1611 aligncenter\" src=\"\/wp-content\/uploads\/sites\/3\/img_archive\/internet_fot_bartek_warzecha_c2a9_dsf0764.jpg\" alt=\"INTERNET_fot_Bartek_Warzecha_\u00a9_DSF0764\" width=\"260\" height=\"653\" \/><\/p>\n<p style=\"text-align:center\"><strong>BARBARA MICHALCZYK<br \/>\n<\/strong>opieka nad klubem festiwalowym<\/p>\n","protected":false},"excerpt":{"rendered":"<p>WOJCIECH MALAJKAT dyrektor festiwalu BEATA SZCZUCI\u0143SKA zast\u0119pca dyrektora festiwalu AGNIESZKA ZAJK-TWORKOWSKA zast\u0119pca dyrektora festiwalu DANUTA JANICKA-MIERZWA kierownik biura festiwalowego MONIKA PRZESPOLEWSKA zast\u0119pca kierownika biura festiwalowego KATARZYNA SZUBI\u0143SKA specjalista ds.\u00a0sprzeda\u017cy ANNA PIOTROWSKA specjalista ds. promocji NATALIA BE\u0141DYGA kierownik pionu obs\u0142ugi technicznej KRZYSZTOF KWIATKOWSKI obs\u0142uga techniczna DAWID MLEKICKI specjalista ds. logistyki KATARZYNA KAJSA JANKOWSKA asystentka specjalisty ds. [&hellip;]<\/p>\n","protected":false},"author":1,"featured_media":1610,"parent":0,"menu_order":42,"comment_status":"closed","ping_status":"closed","template":"","meta":{"_acf_changed":false,"footnotes":""},"class_list":["post-2029","page","type-page","status-publish","has-post-thumbnail","hentry"],"acf":[],"jetpack_shortlink":"https:\/\/wp.me\/P8N69B-wJ","jetpack_sharing_enabled":true,"_links":{"self":[{"href":"https:\/\/festiwal.at.edu.pl\/en\/wp-json\/wp\/v2\/pages\/2029"}],"collection":[{"href":"https:\/\/festiwal.at.edu.pl\/en\/wp-json\/wp\/v2\/pages"}],"about":[{"href":"https:\/\/festiwal.at.edu.pl\/en\/wp-json\/wp\/v2\/types\/page"}],"author":[{"embeddable":true,"href":"https:\/\/festiwal.at.edu.pl\/en\/wp-json\/wp\/v2\/users\/1"}],"replies":[{"embeddable":true,"href":"https:\/\/festiwal.at.edu.pl\/en\/wp-json\/wp\/v2\/comments?post=2029"}],"version-history":[{"count":1,"href":"https:\/\/festiwal.at.edu.pl\/en\/wp-json\/wp\/v2\/pages\/2029\/revisions"}],"predecessor-version":[{"id":2676,"href":"https:\/\/festiwal.at.edu.pl\/en\/wp-json\/wp\/v2\/pages\/2029\/revisions\/2676"}],"wp:featuredmedia":[{"embeddable":true,"href":"https:\/\/festiwal.at.edu.pl\/en\/wp-json\/"}],"wp:attachment":[{"href":"https:\/\/festiwal.at.edu.pl\/en\/wp-json\/wp\/v2\/media?parent=2029"}],"curies":[{"name":"wp","href":"https:\/\/api.w.org\/{rel}","templated":true}]}}