{"id":1454,"date":"2017-05-16T21:15:08","date_gmt":"2017-05-16T21:15:08","guid":{"rendered":"http:\/\/festiwal.at.edu.pl\/?page_id=1454"},"modified":"2018-12-02T22:37:31","modified_gmt":"2018-12-02T21:37:31","slug":"jury-festiwalu","status":"publish","type":"page","link":"https:\/\/festiwal.at.edu.pl\/en\/archiwum-festiwalu\/archiwum_9\/jury-festiwalu\/","title":{"rendered":"Jury"},"content":{"rendered":"<p><img loading=\"lazy\" decoding=\"async\" class=\" wp-image-1453 alignleft\" src=\"\/wp-content\/uploads\/sites\/3\/img_archive\/hickler.jpeg\" alt=\"HICKLER\" width=\"170\" height=\"215\" \/><\/p>\n<p style=\"text-align: left;\"><strong><span style=\"color: #3d596d;\"><span style=\"font-family: 'Noto Serif', Georgia, 'Times New Roman', Times, serif;\"><span style=\"font-size: medium;\">Sarah Hickler<\/span><\/span><\/span><\/strong><span style=\"color: #3d596d;\"><span style=\"font-family: 'Noto Serif', Georgia, 'Times New Roman', Times, serif;\"><span style=\"font-size: medium;\">\u00a0&#8211; artystka teatru dramatycznego i teatru ruchu, aktorka i re\u017cyserka. Wyk\u0142ada na Wydziale Sztuk Performatywnych Emerson College w Bostonie. By\u0142a cz\u0142onkiem grupy artystycznej Mobius. Wsp\u00f3\u0142pracowa\u0142a z tw\u00f3rcami teatru eksperymentalnego, tancerzami i performerami w Stanach Zjednoczonych i za granic\u0105. Jej ostatnie prace to m.in.:\u00a0<\/span><\/span><\/span><span style=\"color: #3d596d;\"><span style=\"font-family: 'Noto Serif', Georgia, 'Times New Roman', Times, serif;\"><span style=\"font-size: medium;\"><span lang=\"en-US\">Into the Strenuous Briefness<\/span><\/span><\/span><\/span><span style=\"color: #3d596d;\"><span style=\"font-family: 'Noto Serif', Georgia, 'Times New Roman', Times, serif;\"><span style=\"font-size: medium;\">\u00a0w TheaterLab w Nowym Jorku,\u00a0<\/span><\/span><\/span><span style=\"color: #3d596d;\"><span style=\"font-family: 'Noto Serif', Georgia, 'Times New Roman', Times, serif;\"><span style=\"font-size: medium;\"><span lang=\"nl-NL\">Shoes On<\/span><\/span><\/span><\/span><span style=\"color: #3d596d;\"><span style=\"font-family: 'Noto Serif', Georgia, 'Times New Roman', Times, serif;\"><span style=\"font-size: medium;\">\u00a0\/\u00a0<\/span><\/span><\/span><span style=\"color: #3d596d;\"><span style=\"font-family: 'Noto Serif', Georgia, 'Times New Roman', Times, serif;\"><span style=\"font-size: medium;\"><span lang=\"nl-NL\">Shoes<\/span><\/span><\/span><\/span><span style=\"color: #3d596d;\"><span style=\"font-family: 'Noto Serif', Georgia, 'Times New Roman', Times, serif;\"><span style=\"font-size: medium;\">\u00a0Off\u00a0z zespo\u0142em\u00a0<\/span><\/span><\/span><span style=\"color: #3d596d;\"><span style=\"font-family: 'Noto Serif', Georgia, 'Times New Roman', Times, serif;\"><span style=\"font-size: medium;\"><span lang=\"en-US\">DibbleDance Theater\u00a0<\/span><\/span><\/span><\/span><span style=\"color: #3d596d;\"><span style=\"font-family: 'Noto Serif', Georgia, 'Times New Roman', Times, serif;\"><span style=\"font-size: medium;\">na Uniwersytecie Brandeis oraz performanse z zespo\u0142em\u00a0<\/span><\/span><\/span><span style=\"color: #3d596d;\"><span style=\"font-family: 'Noto Serif', Georgia, 'Times New Roman', Times, serif;\"><span style=\"font-size: medium;\"><span lang=\"de-DE\">International Action Theater Ensemble<\/span><\/span><\/span><\/span><span style=\"color: #3d596d;\"><span style=\"font-family: 'Noto Serif', Georgia, 'Times New Roman', Times, serif;\"><span style=\"font-size: medium;\">. Pracowa\u0142a jako choreografka i re\u017cyserka ruchu scenicznego przy ponad trzydziestu profesjonalnych i uniwersyteckich produkcjach, a tak\u017ce jako re\u017cyserka w\u00a0<\/span><\/span><\/span><span style=\"color: #3d596d;\"><span style=\"font-family: 'Noto Serif', Georgia, 'Times New Roman', Times, serif;\"><span style=\"font-size: medium;\"><span lang=\"en-US\">Sun Valley Shakespeare\u00a0<\/span><\/span><\/span><\/span><span style=\"color: #3d596d;\"><span style=\"font-family: 'Noto Serif', Georgia, 'Times New Roman', Times, serif;\"><span style=\"font-size: medium;\">w\u00a0<\/span><\/span><\/span><span style=\"color: #3d596d;\"><span style=\"font-family: 'Noto Serif', Georgia, 'Times New Roman', Times, serif;\"><span style=\"font-size: medium;\"><span lang=\"en-US\">Idaho, Sedona Shakespeare\u00a0<\/span><\/span><\/span><\/span><span style=\"color: #3d596d;\"><span style=\"font-family: 'Noto Serif', Georgia, 'Times New Roman', Times, serif;\"><span style=\"font-size: medium;\">w Arizonie, T<\/span><\/span><\/span><span style=\"color: #3d596d;\"><span style=\"font-family: 'Noto Serif', Georgia, 'Times New Roman', Times, serif;\"><span style=\"font-size: medium;\"><span lang=\"es-ES\">he Los Angeles Women<\/span><\/span><\/span><\/span><span style=\"color: #3d596d;\"><span style=\"font-family: 'Noto Serif', Georgia, 'Times New Roman', Times, serif;\"><span style=\"font-size: medium;\">\u2019<\/span><\/span><\/span><span style=\"color: #3d596d;\"><span style=\"font-family: 'Noto Serif', Georgia, 'Times New Roman', Times, serif;\"><span style=\"font-size: medium;\"><span lang=\"en-US\">s Shakespeare Company, M.I.T. Shakespeare Society\u00a0<\/span><\/span><\/span><\/span><span style=\"color: #3d596d;\"><span style=\"font-family: 'Noto Serif', Georgia, 'Times New Roman', Times, serif;\"><span style=\"font-size: medium;\">i\u00a0<\/span><\/span><\/span><span style=\"color: #3d596d;\"><span style=\"font-family: 'Noto Serif', Georgia, 'Times New Roman', Times, serif;\"><span style=\"font-size: medium;\"><span lang=\"de-DE\">Emerson Stage\u00a0<\/span><\/span><\/span><\/span><span style=\"color: #3d596d;\"><span style=\"font-family: 'Noto Serif', Georgia, 'Times New Roman', Times, serif;\"><span style=\"font-size: medium;\">w Bostonie. W 2017 ukaza\u0142a si\u0119 jej ksi\u0105\u017cka\u00a0<\/span><\/span><\/span><span style=\"color: #3d596d;\"><span style=\"font-family: 'Noto Serif', Georgia, 'Times New Roman', Times, serif;\"><span style=\"font-size: medium;\"><span lang=\"en-US\">In the Moment: A Practical Guide to Movement &amp; Improvisation for Actors<\/span><\/span><\/span><\/span><span style=\"color: #3d596d;\"><span style=\"font-family: 'Noto Serif', Georgia, 'Times New Roman', Times, serif;\"><span style=\"font-size: medium;\">.<\/span><\/span><\/span><\/p>\n<p style=\"text-align: left;\"><a href=\"\/wp-content\/uploads\/sites\/3\/img_archive\/pattrick.jpg\" data-gallery><img loading=\"lazy\" decoding=\"async\" class=\" wp-image-1467 alignleft\" src=\"\/wp-content\/uploads\/sites\/3\/img_archive\/pattrick.jpg\" alt=\"\" width=\"170\" height=\"250\" \/><\/a><\/p>\n<p style=\"text-align: left;\"><strong><span style=\"color: #3d596d;\"><span style=\"font-family: 'Noto Serif', Georgia, 'Times New Roman', Times, serif;\"><span style=\"font-size: medium;\">Patrick Spottiswoode<\/span><\/span><\/span><\/strong><span style=\"color: #3d596d;\"><span style=\"font-family: 'Noto Serif', Georgia, 'Times New Roman', Times, serif;\"><span style=\"font-size: medium;\">\u00a0od 1989 jest kierownikiem Dzia\u0142u Edukacji The Globe Theatre w Londynie, w kt\u00f3rym zacz\u0105\u0142 pracowa\u0107 w 1984. Obecnie podlega mu ponad sto os\u00f3b, a w projektach Dzia\u0142u Edukacji uczestniczy co roku ponad sto dwadzie\u015bcia tysi\u0119cy os\u00f3b r\u00f3\u017cnej narodowo\u015bci i w r\u00f3\u017cnym wieku. W 1995 Spottiswoode uruchomi\u0142 trzydziestoletni projekt czyta\u0144 zachowanych angielskich sztuk z okresu 1567-1642. W 2001 zainaugurowa\u0142 coroczny Festiwal Szk\u00f3\u0142 Teatralnych Sama Wanamakera (w 2016 brali w nim udzia\u0142 tak\u017ce studenci Akademii Teatralnej). W 2011 otrzyma\u0142 doktorat honoris causa Uniwersytetu w Warwick i zosta\u0142 honorowym cz\u0142onkiem King\u2019s College London. W 2011 i 2012 pe\u0142ni\u0142 funkcj\u0119 przewodnicz\u0105cego w Szekspirowskim Stowarzyszeniu Teatralnym (Shakespeare Theatre Association). Otrzyma\u0142 Nagrod\u0119 Al Mahabba oraz Nagrod\u0119 Burbage\u2019a od Ameryka\u0144skiego Centrum Szekspirowskiego. Jest wsp\u00f3\u0142za\u0142o\u017cycielem Centrum Nauczania Shakespeare\u2019a na Uniwersytecie Kalifornijskim w Davis, kt\u00f3re zostanie otwarte w tym roku. Latem tego roku otrzyma doktorat honoris causa Uniwersytecie Sussex.<\/span><\/span><\/span><\/p>\n<p style=\"text-align: left;\"><img loading=\"lazy\" decoding=\"async\" class=\" wp-image-1452 alignleft\" src=\"\/wp-content\/uploads\/sites\/3\/img_archive\/allan.jpg\" alt=\"Karlovy Vary, festival\" width=\"170\" height=\"230\" \/><\/p>\n<p style=\"text-align: left;\"><strong><span style=\"color: #3d596d;\"><span style=\"font-family: 'Noto Serif', Georgia, 'Times New Roman', Times, serif;\"><span style=\"font-size: medium;\"><span lang=\"en-US\">Allan Starski<\/span><\/span><\/span><\/span><\/strong><span style=\"color: #3d596d;\"><span style=\"font-family: 'Noto Serif', Georgia, 'Times New Roman', Times, serif;\"><span style=\"font-size: medium;\"><span lang=\"en-US\">\u00a0<\/span><\/span><\/span><\/span><span style=\"color: #3d596d;\"><span style=\"font-family: 'Noto Serif', Georgia, 'Times New Roman', Times, serif;\"><span style=\"font-size: medium;\">\u2013\u00a0<\/span><\/span><\/span><span style=\"color: #3d596d;\"><span style=\"font-family: 'Noto Serif', Georgia, 'Times New Roman', Times, serif;\"><span style=\"font-size: medium;\"><span lang=\"en-US\">scenograf, absolwent warszawskiej A<\/span><\/span><\/span><\/span><span style=\"color: #3d596d;\"><span style=\"font-family: 'Noto Serif', Georgia, 'Times New Roman', Times, serif;\"><span style=\"font-size: medium;\">kademii\u00a0<\/span><\/span><\/span><span style=\"color: #3d596d;\"><span style=\"font-family: 'Noto Serif', Georgia, 'Times New Roman', Times, serif;\"><span style=\"font-size: medium;\"><span lang=\"en-US\">S<\/span><\/span><\/span><\/span><span style=\"color: #3d596d;\"><span style=\"font-family: 'Noto Serif', Georgia, 'Times New Roman', Times, serif;\"><span style=\"font-size: medium;\">ztuk\u00a0<\/span><\/span><\/span><span style=\"color: #3d596d;\"><span style=\"font-family: 'Noto Serif', Georgia, 'Times New Roman', Times, serif;\"><span style=\"font-size: medium;\"><span lang=\"en-US\">P<\/span><\/span><\/span><\/span><span style=\"color: #3d596d;\"><span style=\"font-family: 'Noto Serif', Georgia, 'Times New Roman', Times, serif;\"><span style=\"font-size: medium;\">i\u0119knych<\/span><\/span><\/span><span style=\"color: #3d596d;\"><span style=\"font-family: 'Noto Serif', Georgia, 'Times New Roman', Times, serif;\"><span style=\"font-size: medium;\"><span lang=\"en-US\">. Tw\u00f3rca scenografii\u00a0<\/span><\/span><\/span><\/span><span style=\"color: #3d596d;\"><span style=\"font-family: 'Noto Serif', Georgia, 'Times New Roman', Times, serif;\"><span style=\"font-size: medium;\">do czternastu\u00a0<\/span><\/span><\/span><span style=\"color: #3d596d;\"><span style=\"font-family: 'Noto Serif', Georgia, 'Times New Roman', Times, serif;\"><span style=\"font-size: medium;\"><span lang=\"en-US\">film\u00f3w Andrzeja Wajdy, m<\/span><\/span><\/span><\/span><span style=\"color: #3d596d;\"><span style=\"font-family: 'Noto Serif', Georgia, 'Times New Roman', Times, serif;\"><span style=\"font-size: medium;\">i\u0119dzy\u00a0<\/span><\/span><\/span><span style=\"color: #3d596d;\"><span style=\"font-family: 'Noto Serif', Georgia, 'Times New Roman', Times, serif;\"><span style=\"font-size: medium;\"><span lang=\"en-US\">in<\/span><\/span><\/span><\/span><span style=\"color: #3d596d;\"><span style=\"font-family: 'Noto Serif', Georgia, 'Times New Roman', Times, serif;\"><span style=\"font-size: medium;\">nymi\u00a0<\/span><\/span><\/span><span style=\"color: #3d596d;\"><span style=\"font-family: 'Noto Serif', Georgia, 'Times New Roman', Times, serif;\"><span style=\"font-size: medium;\"><span lang=\"en-US\">Cz\u0142owieka z Marmuru,\u00a0Pan<\/span><\/span><\/span><\/span><span style=\"color: #3d596d;\"><span style=\"font-family: 'Noto Serif', Georgia, 'Times New Roman', Times, serif;\"><span style=\"font-size: medium;\">ien\u00a0<\/span><\/span><\/span><span style=\"color: #3d596d;\"><span style=\"font-family: 'Noto Serif', Georgia, 'Times New Roman', Times, serif;\"><span style=\"font-size: medium;\"><span lang=\"en-US\">z Wilka,\u00a0Danton<\/span><\/span><\/span><\/span><span style=\"color: #3d596d;\"><span style=\"font-family: 'Noto Serif', Georgia, 'Times New Roman', Times, serif;\"><span style=\"font-size: medium;\">a<\/span><\/span><\/span><span style=\"color: #3d596d;\"><span style=\"font-family: 'Noto Serif', Georgia, 'Times New Roman', Times, serif;\"><span style=\"font-size: medium;\"><span lang=\"en-US\">,\u00a0<\/span><\/span><\/span><\/span><span style=\"color: #3d596d;\"><span style=\"font-family: 'Noto Serif', Georgia, 'Times New Roman', Times, serif;\"><span style=\"font-size: medium;\">P<\/span><\/span><\/span><span style=\"color: #3d596d;\"><span style=\"font-family: 'Noto Serif', Georgia, 'Times New Roman', Times, serif;\"><span style=\"font-size: medium;\"><span lang=\"en-US\">an<\/span><\/span><\/span><\/span><span style=\"color: #3d596d;\"><span style=\"font-family: 'Noto Serif', Georgia, 'Times New Roman', Times, serif;\"><span style=\"font-size: medium;\">a\u00a0<\/span><\/span><\/span><span style=\"color: #3d596d;\"><span style=\"font-family: 'Noto Serif', Georgia, 'Times New Roman', Times, serif;\"><span style=\"font-size: medium;\"><span lang=\"en-US\">Tadeusz<\/span><\/span><\/span><\/span><span style=\"color: #3d596d;\"><span style=\"font-family: 'Noto Serif', Georgia, 'Times New Roman', Times, serif;\"><span style=\"font-size: medium;\">a<\/span><\/span><\/span><span style=\"color: #3d596d;\"><span style=\"font-family: 'Noto Serif', Georgia, 'Times New Roman', Times, serif;\"><span style=\"font-size: medium;\"><span lang=\"en-US\">. Pracuje z najwybitniejszymi re\u017cyserami polskimi i zagranicznymi<\/span><\/span><\/span><\/span><span style=\"color: #3d596d;\"><span style=\"font-family: 'Noto Serif', Georgia, 'Times New Roman', Times, serif;\"><span style=\"font-size: medium;\">, mi\u0119dzy innymi\u00a0<\/span><\/span><\/span><span style=\"color: #3d596d;\"><span style=\"font-family: 'Noto Serif', Georgia, 'Times New Roman', Times, serif;\"><span style=\"font-size: medium;\"><span lang=\"en-US\">Agnieszk\u0105 Holland (Europa, Europa<\/span><\/span><\/span><\/span><span style=\"color: #3d596d;\"><span style=\"font-family: 'Noto Serif', Georgia, 'Times New Roman', Times, serif;\"><span style=\"font-size: medium;\">\u00a0<\/span><\/span><\/span><span style=\"color: #3d596d;\"><span style=\"font-family: 'Noto Serif', Georgia, 'Times New Roman', Times, serif;\"><span style=\"font-size: medium;\"><span lang=\"en-US\">i\u00a0Plac Waszyngtona), Romanem Pola\u0144skim (Pianista<\/span><\/span><\/span><\/span><span style=\"color: #3d596d;\"><span style=\"font-family: 'Noto Serif', Georgia, 'Times New Roman', Times, serif;\"><span style=\"font-size: medium;\">\u00a0<\/span><\/span><\/span><span style=\"color: #3d596d;\"><span style=\"font-family: 'Noto Serif', Georgia, 'Times New Roman', Times, serif;\"><span style=\"font-size: medium;\"><span lang=\"en-US\">i\u00a0Oliver Twist) i Peterem Webberem (Hannibal, po drugiej stronie maski).<\/span><\/span><\/span><\/span><span style=\"color: #3d596d;\"><span style=\"font-family: 'Noto Serif', Georgia, 'Times New Roman', Times, serif;\"><span style=\"font-size: medium;\">\u00a0<\/span><\/span><\/span><span style=\"color: #3d596d;\"><span style=\"font-family: 'Noto Serif', Georgia, 'Times New Roman', Times, serif;\"><span style=\"font-size: medium;\"><span lang=\"en-US\">Ostatnio autor scenografii do filmu\u00a0The Cut<\/span><\/span><\/span><\/span><span style=\"color: #3d596d;\"><span style=\"font-family: 'Noto Serif', Georgia, 'Times New Roman', Times, serif;\"><span style=\"font-size: medium;\">\u00a0<\/span><\/span><\/span><span style=\"color: #3d596d;\"><span style=\"font-family: 'Noto Serif', Georgia, 'Times New Roman', Times, serif;\"><span style=\"font-size: medium;\"><span lang=\"en-US\">w re\u017cyserii Fatih Akim. Laureat licznych nagr\u00f3d filmowych,\u00a0<\/span><\/span><\/span><\/span><span style=\"color: #3d596d;\"><span style=\"font-family: 'Noto Serif', Georgia, 'Times New Roman', Times, serif;\"><span style=\"font-size: medium;\">otrzyma\u0142\u00a0<\/span><\/span><\/span><span style=\"color: #3d596d;\"><span style=\"font-family: 'Noto Serif', Georgia, 'Times New Roman', Times, serif;\"><span style=\"font-size: medium;\"><span lang=\"en-US\">m<\/span><\/span><\/span><\/span><span style=\"color: #3d596d;\"><span style=\"font-family: 'Noto Serif', Georgia, 'Times New Roman', Times, serif;\"><span style=\"font-size: medium;\">i\u0119dzy\u00a0<\/span><\/span><\/span><span style=\"color: #3d596d;\"><span style=\"font-family: 'Noto Serif', Georgia, 'Times New Roman', Times, serif;\"><span style=\"font-size: medium;\"><span lang=\"en-US\">in<\/span><\/span><\/span><\/span><span style=\"color: #3d596d;\"><span style=\"font-family: 'Noto Serif', Georgia, 'Times New Roman', Times, serif;\"><span style=\"font-size: medium;\">nymi\u00a0Cezara\u00a0<\/span><\/span><\/span><span style=\"color: #3d596d;\"><span style=\"font-family: 'Noto Serif', Georgia, 'Times New Roman', Times, serif;\"><span style=\"font-size: medium;\"><span lang=\"en-US\">za\u00a0Pianist\u0119, Z\u0142ot<\/span><\/span><\/span><\/span><span style=\"color: #3d596d;\"><span style=\"font-family: 'Noto Serif', Georgia, 'Times New Roman', Times, serif;\"><span style=\"font-size: medium;\">e\u00a0<\/span><\/span><\/span><span style=\"color: #3d596d;\"><span style=\"font-family: 'Noto Serif', Georgia, 'Times New Roman', Times, serif;\"><span style=\"font-size: medium;\"><span lang=\"en-US\">Or\u0142<\/span><\/span><\/span><\/span><span style=\"color: #3d596d;\"><span style=\"font-family: 'Noto Serif', Georgia, 'Times New Roman', Times, serif;\"><span style=\"font-size: medium;\">y\u00a0<\/span><\/span><\/span><span style=\"color: #3d596d;\"><span style=\"font-family: 'Noto Serif', Georgia, 'Times New Roman', Times, serif;\"><span style=\"font-size: medium;\"><span lang=\"en-US\">za\u00a0Pianist\u0119,\u00a0Pana Tadeusz<\/span><\/span><\/span><\/span><span style=\"color: #3d596d;\"><span style=\"font-family: 'Noto Serif', Georgia, 'Times New Roman', Times, serif;\"><span style=\"font-size: medium;\">a\u00a0<\/span><\/span><\/span><span style=\"color: #3d596d;\"><span style=\"font-family: 'Noto Serif', Georgia, 'Times New Roman', Times, serif;\"><span style=\"font-size: medium;\"><span lang=\"en-US\">i\u00a0Pok\u0142osie<\/span><\/span><\/span><\/span><span style=\"color: #3d596d;\"><span style=\"font-family: 'Noto Serif', Georgia, 'Times New Roman', Times, serif;\"><span style=\"font-size: medium;\">,\u00a0a tak\u017ce\u00a0<\/span><\/span><\/span><span style=\"color: #3d596d;\"><span style=\"font-family: 'Noto Serif', Georgia, 'Times New Roman', Times, serif;\"><span style=\"font-size: medium;\"><span lang=\"en-US\">Z\u0142ot<\/span><\/span><\/span><\/span><span style=\"color: #3d596d;\"><span style=\"font-family: 'Noto Serif', Georgia, 'Times New Roman', Times, serif;\"><span style=\"font-size: medium;\">\u0105\u00a0<\/span><\/span><\/span><span style=\"color: #3d596d;\"><span style=\"font-family: 'Noto Serif', Georgia, 'Times New Roman', Times, serif;\"><span style=\"font-size: medium;\"><span lang=\"en-US\">\u017bab<\/span><\/span><\/span><\/span><span style=\"color: #3d596d;\"><span style=\"font-family: 'Noto Serif', Georgia, 'Times New Roman', Times, serif;\"><span style=\"font-size: medium;\">\u0119\u00a0<\/span><\/span><\/span><span style=\"color: #3d596d;\"><span style=\"font-family: 'Noto Serif', Georgia, 'Times New Roman', Times, serif;\"><span style=\"font-size: medium;\"><span lang=\"en-US\">na festiwalu Camerimage.<\/span><\/span><\/span><\/span><span style=\"color: #3d596d;\"><span style=\"font-family: 'Noto Serif', Georgia, 'Times New Roman', Times, serif;\"><span style=\"font-size: medium;\">\u00a0Laureat\u00a0<\/span><\/span><\/span><span style=\"color: #3d596d;\"><span style=\"font-family: 'Noto Serif', Georgia, 'Times New Roman', Times, serif;\"><span style=\"font-size: medium;\"><span lang=\"en-US\">Oscara oraz Nagrod<\/span><\/span><\/span><\/span><span style=\"color: #3d596d;\"><span style=\"font-family: 'Noto Serif', Georgia, 'Times New Roman', Times, serif;\"><span style=\"font-size: medium;\">y\u00a0<\/span><\/span><\/span><span style=\"color: #3d596d;\"><span style=\"font-family: 'Noto Serif', Georgia, 'Times New Roman', Times, serif;\"><span style=\"font-size: medium;\"><span lang=\"en-US\">Krytyk\u00f3w Filmowych Los Angeles za scenografi\u0119 do<\/span><\/span><\/span><\/span><span style=\"color: #3d596d;\"><span style=\"font-family: 'Noto Serif', Georgia, 'Times New Roman', Times, serif;\"><span style=\"font-size: medium;\">\u00a0filmu Stevena Spielberga\u00a0<\/span><\/span><\/span><span style=\"color: #3d596d;\"><span style=\"font-family: 'Noto Serif', Georgia, 'Times New Roman', Times, serif;\"><span style=\"font-size: medium;\"><span lang=\"en-US\">List<\/span><\/span><\/span><\/span><span style=\"color: #3d596d;\"><span style=\"font-family: 'Noto Serif', Georgia, 'Times New Roman', Times, serif;\"><span style=\"font-size: medium;\">a\u00a0<\/span><\/span><\/span><span style=\"color: #3d596d;\"><span style=\"font-family: 'Noto Serif', Georgia, 'Times New Roman', Times, serif;\"><span style=\"font-size: medium;\"><span lang=\"en-US\">Schindlera.<\/span><\/span><\/span><\/span><\/p>\n<p style=\"text-align: left;\"><img loading=\"lazy\" decoding=\"async\" class=\" wp-image-1542 alignleft\" src=\"\/wp-content\/uploads\/sites\/3\/img_archive\/danka1.jpg\" alt=\"danka1\" width=\"170\" height=\"228\" \/><\/p>\n<p style=\"text-align: left;\"><strong><span style=\"color: #3d596d;\"><span style=\"font-family: 'Noto Serif', Georgia, 'Times New Roman', Times, serif;\"><span style=\"font-size: medium;\">Danuta Stenka<\/span><\/span><\/span><\/strong><span style=\"color: #3d596d;\"><span style=\"font-family: 'Noto Serif', Georgia, 'Times New Roman', Times, serif;\"><span style=\"font-size: medium;\">\u00a0\u2013 polska aktorka teatralna, filmowa i radiowa. Absolwentka Studium Aktorskiego przy Teatrze Wybrze\u017ce w Gda\u0144sku. Zwi\u0105zana z teatrami m.in.: Wsp\u00f3\u0142czesnym w Szczecinie (1984-1988), Nowym w Poznaniu (1988-1991), Dramatycznym (1991-2003) i Narodowym w Warszawie (od 2003 do dzi\u015b), wyst\u0119puje r\u00f3wnie\u017c go\u015bcinnie w spektaklach Grzegorza Jarzyny i Krzysztofa Warlikowskiego. Popularno\u015b\u0107 zyska\u0142a dzi\u0119ki rolom w produkcjach serialowych:\u00a0Bo\u017ca Podszewka\u00a0(1997),\u00a0Ekstradycja III\u00a0(1998),\u00a0Zaginiona\u00a0(2003) czy\u00a0Lekarze\u00a0(2012-2014) i filmowych, m.in.:\u00a0Chopin. Pragnienie mi\u0142o\u015bci\u00a0(2002, re\u017c. Jerzy Antczak),\u00a0Nigdy w \u017cyciu!\u00a0(2004, re\u017c. Ryszard Zatorski). Laureatka wielu nagr\u00f3d, m.in.: tytu\u0142u aktorki roku na Mi\u0119dzynarodowych Festiwalach Filmowych w Mi\u0144sku i Kijowie, Paszportu \u201ePolityki\u201d, Wielkiego Splendora, Nagrody im. Aleksandra Zelwerowicza za sezon 2005\/2006, Or\u0142a (2003 i 2008), Z\u0142otej Kaczki (2003). W roku 2014 zosta\u0142a wybrana najlepsz\u0105 aktork\u0105 7. Mi\u0119dzynarodowego Festiwalu Teatralnego \u201eBoska Komedia\u201d w Krakowie. Odznaczona Srebrnym Medalem Zas\u0142u\u017cony Kulturze Gloria Artis.<\/span><\/span><\/span><\/p>\n","protected":false},"excerpt":{"rendered":"<p>Sarah Hickler\u00a0&#8211; artystka teatru dramatycznego i teatru ruchu, aktorka i re\u017cyserka. Wyk\u0142ada na Wydziale Sztuk Performatywnych Emerson College w Bostonie. By\u0142a cz\u0142onkiem grupy artystycznej Mobius. Wsp\u00f3\u0142pracowa\u0142a z tw\u00f3rcami teatru eksperymentalnego, tancerzami i performerami w Stanach Zjednoczonych i za granic\u0105. Jej ostatnie prace to m.in.:\u00a0Into the Strenuous Briefness\u00a0w TheaterLab w Nowym Jorku,\u00a0Shoes On\u00a0\/\u00a0Shoes\u00a0Off\u00a0z zespo\u0142em\u00a0DibbleDance Theater\u00a0na Uniwersytecie [&hellip;]<\/p>\n","protected":false},"author":1,"featured_media":0,"parent":3059,"menu_order":35,"comment_status":"closed","ping_status":"closed","template":"","meta":{"_acf_changed":false,"footnotes":""},"class_list":["post-1454","page","type-page","status-publish","hentry"],"acf":[],"jetpack_shortlink":"https:\/\/wp.me\/P8N69B-ns","jetpack_sharing_enabled":true,"_links":{"self":[{"href":"https:\/\/festiwal.at.edu.pl\/en\/wp-json\/wp\/v2\/pages\/1454"}],"collection":[{"href":"https:\/\/festiwal.at.edu.pl\/en\/wp-json\/wp\/v2\/pages"}],"about":[{"href":"https:\/\/festiwal.at.edu.pl\/en\/wp-json\/wp\/v2\/types\/page"}],"author":[{"embeddable":true,"href":"https:\/\/festiwal.at.edu.pl\/en\/wp-json\/wp\/v2\/users\/1"}],"replies":[{"embeddable":true,"href":"https:\/\/festiwal.at.edu.pl\/en\/wp-json\/wp\/v2\/comments?post=1454"}],"version-history":[{"count":5,"href":"https:\/\/festiwal.at.edu.pl\/en\/wp-json\/wp\/v2\/pages\/1454\/revisions"}],"predecessor-version":[{"id":2677,"href":"https:\/\/festiwal.at.edu.pl\/en\/wp-json\/wp\/v2\/pages\/1454\/revisions\/2677"}],"up":[{"embeddable":true,"href":"https:\/\/festiwal.at.edu.pl\/en\/wp-json\/wp\/v2\/pages\/3059"}],"wp:attachment":[{"href":"https:\/\/festiwal.at.edu.pl\/en\/wp-json\/wp\/v2\/media?parent=1454"}],"curies":[{"name":"wp","href":"https:\/\/api.w.org\/{rel}","templated":true}]}}