{"id":1332,"date":"2016-11-28T11:17:24","date_gmt":"2016-11-28T11:17:24","guid":{"rendered":"http:\/\/festiwal.at.edu.pl\/?page_id=1332"},"modified":"2017-06-10T22:30:29","modified_gmt":"2017-06-10T20:30:29","slug":"archiwum","status":"publish","type":"page","link":"https:\/\/festiwal.at.edu.pl\/en\/archiwum-festiwalu\/archiwum\/","title":{"rendered":"Archiwum 8. Festiwalu ITSelF"},"content":{"rendered":"<header class=\"entry-header\">\n<h1 class=\"entry-title\" style=\"text-align: center;\">O FESTIWALU<\/h1>\n<\/header>\n<div class=\"entry-content clear-fix\">\n<p><a href=\"\/wp-content\/uploads\/sites\/3\/img_archive\/baner_1200x734_px-e1433365070570.jpg\" data-gallery><img loading=\"lazy\" decoding=\"async\" class=\"aligncenter size-full wp-image-1207\" src=\"\/wp-content\/uploads\/sites\/3\/img_archive\/baner_1200x734_px-e1433365070570.jpg?w=470&amp;h=288\" alt=\"baner_1200x734_px-e1433365070570\" width=\"470\" height=\"288\" \/><\/a><\/p>\n<p style=\"text-align: justify;\">Mi\u0119dzynarodowy Festiwal Szk\u00f3\u0142 Teatralnych ITSelF to teatralne biennale. Festiwal organizowany jest przez Akademi\u0119 Teatraln\u0105 im. Aleksandra Zelwerowicza w Warszawie przy wsparciu Miasta Sto\u0142ecznego Warszawy oraz Ministerstwa Kultury i Dziedzictwa Narodowego. Od pierwszej edycji Honorowy Patronat nad Festiwalem sprawuje Prezydent Rzeczypospolitej Polskiej. Wsp\u00f3\u0142organizatorem Festiwalu jest tak\u017ce Teatr Narodowy.<\/p>\n<h3 style=\"text-align: justify;\"><strong>8. edycja\u00a0 Festiwalu ITSelF odby\u0142a si\u0119 w dniach<\/strong><\/h3>\n<h3 style=\"text-align: justify;\"><strong>od 26 czerwca do 1 lipca 2015 roku.<\/strong><\/h3>\n<p style=\"text-align: justify;\">Z ka\u017cd\u0105 edycj\u0105 Festiwal zwi\u0119ksza swoj\u0105 rang\u0119 i zasi\u0119g. Naszemu przedsi\u0119wzi\u0119ciu patronuj\u0105 osobisto\u015bci ze \u015bwiata kultury i polityki. Do wsp\u00f3\u0142pracy anga\u017cujemy czo\u0142owe warszawskie sceny. Podczas poprzednich edycji mieli\u015bmy zaszczyt go\u015bci\u0107 ponad czterdzie\u015bci szk\u00f3\u0142 teatralnych z r\u00f3\u017cnych kontynent\u00f3w, a wraz z nimi dziesi\u0105tki go\u015bci z ca\u0142ego \u015bwiata i tysi\u0105ce widz\u00f3w. Prezentowane w trakcie Festiwalu spektakle ciesz\u0105 si\u0119 zawsze du\u017cym zainteresowaniem publiczno\u015bci.<\/p>\n<p style=\"text-align: justify;\">G\u0142\u00f3wnym celem Festiwalu jest promocja kultury teatralnej i m\u0142odych scenicznych talent\u00f3w, wymiana do\u015bwiadcze\u0144, zbli\u017cenie kultur poprzez zbli\u017cenie artyst\u00f3w, a tak\u017ce zaprezentowanie Polski jako kraju wspieraj\u0105cego kultur\u0119 i doceniaj\u0105cego jej wp\u0142yw na rozw\u00f3j spo\u0142ecze\u0144stw.<\/p>\n<p style=\"text-align: justify;\">Na program Festiwalu, opr\u00f3cz bior\u0105cych udzia\u0142 w konkursie przedstawie\u0144 dyplomowych zaproszonych przez nas szk\u00f3\u0142 teatralnych, sk\u0142adaj\u0105 si\u0119 liczne imprezy towarzysz\u0105ce, w tym pokazy spektakli offowych, spotkania ze znanymi artystami sceny i ekranu, oraz warsztaty teatralne, przeznaczone zar\u00f3wno dla zawodowc\u00f3w, jak i dla amator\u00f3w.<\/p>\n<p style=\"text-align: justify;\">Spektakle konkursowe prezentowane b\u0119d\u0105 z napisami w j\u0119zyku polskim.<\/p>\n<p style=\"text-align: justify;\">O wyj\u0105tkowo\u015bci Festiwalu decyduje za ka\u017cdym razem si\u0142a m\u0142odo\u015bci, talentu i entuzjazmu jego uczestnik\u00f3w. Obecnie nasz Festiwal, doskonale rozpoznawalny, znany i doceniany przez organizator\u00f3w konkurencyjnych europejskich imprez, jest jednym z najwi\u0119kszych i najbardziej presti\u017cowych tego typu wydarze\u0144 na \u015bwiecie.<\/p>\n<\/div>\n","protected":false},"excerpt":{"rendered":"<p>O FESTIWALU Mi\u0119dzynarodowy Festiwal Szk\u00f3\u0142 Teatralnych ITSelF to teatralne biennale. Festiwal organizowany jest przez Akademi\u0119 Teatraln\u0105 im. Aleksandra Zelwerowicza w Warszawie przy wsparciu Miasta Sto\u0142ecznego Warszawy oraz Ministerstwa Kultury i Dziedzictwa Narodowego. Od pierwszej edycji Honorowy Patronat nad Festiwalem sprawuje Prezydent Rzeczypospolitej Polskiej. Wsp\u00f3\u0142organizatorem Festiwalu jest tak\u017ce Teatr Narodowy. 8. edycja\u00a0 Festiwalu ITSelF odby\u0142a si\u0119 [&hellip;]<\/p>\n","protected":false},"author":1,"featured_media":0,"parent":74,"menu_order":28,"comment_status":"closed","ping_status":"closed","template":"","meta":{"_acf_changed":false,"footnotes":""},"class_list":["post-1332","page","type-page","status-publish","hentry"],"acf":[],"jetpack_shortlink":"https:\/\/wp.me\/P8N69B-lu","jetpack_sharing_enabled":true,"_links":{"self":[{"href":"https:\/\/festiwal.at.edu.pl\/en\/wp-json\/wp\/v2\/pages\/1332"}],"collection":[{"href":"https:\/\/festiwal.at.edu.pl\/en\/wp-json\/wp\/v2\/pages"}],"about":[{"href":"https:\/\/festiwal.at.edu.pl\/en\/wp-json\/wp\/v2\/types\/page"}],"author":[{"embeddable":true,"href":"https:\/\/festiwal.at.edu.pl\/en\/wp-json\/wp\/v2\/users\/1"}],"replies":[{"embeddable":true,"href":"https:\/\/festiwal.at.edu.pl\/en\/wp-json\/wp\/v2\/comments?post=1332"}],"version-history":[{"count":2,"href":"https:\/\/festiwal.at.edu.pl\/en\/wp-json\/wp\/v2\/pages\/1332\/revisions"}],"predecessor-version":[{"id":2679,"href":"https:\/\/festiwal.at.edu.pl\/en\/wp-json\/wp\/v2\/pages\/1332\/revisions\/2679"}],"up":[{"embeddable":true,"href":"https:\/\/festiwal.at.edu.pl\/en\/wp-json\/wp\/v2\/pages\/74"}],"wp:attachment":[{"href":"https:\/\/festiwal.at.edu.pl\/en\/wp-json\/wp\/v2\/media?parent=1332"}],"curies":[{"name":"wp","href":"https:\/\/api.w.org\/{rel}","templated":true}]}}