{"id":1312,"date":"2015-06-19T10:53:39","date_gmt":"2015-06-19T10:53:39","guid":{"rendered":"http:\/\/festiwal.at.edu.pl\/?page_id=1312"},"modified":"2017-05-30T00:06:02","modified_gmt":"2017-05-29T22:06:02","slug":"nagroda-publicznosci","status":"publish","type":"page","link":"https:\/\/festiwal.at.edu.pl\/en\/archiwum-festiwalu\/archiwum\/nagroda-publicznosci\/","title":{"rendered":"Nagroda publiczno\u015bci"},"content":{"rendered":"<p>W tym roku Nagroda Publiczno\u015bci przyznana b\u0119dzie po raz pierwszy. Publiczno\u015b\u0107 otrzyma karty do g\u0142osowania przed wej\u015bciem na spektakl.<\/p>\n<p>Nagrod\u0105 w Plebiscycie jest roczny karnet na spektakle b\u0119d\u0105ce w repertuarze Teatru Collegium Nobilium, upowa\u017cniaj\u0105cy do wej\u015bcia na 10 spektakli dla dw\u00f3ch os\u00f3b w sezonie 2015\/2016 lub upominek (katalog plakat\u00f3w teatralnych Rafa\u0142a Olbi\u0144skiego).<br \/>\nZwyci\u0119zca ma prawo wyboru: karnet albo upominek.<\/p>\n<p>W Plebiscycie wy\u0142onimy 10 zwyci\u0119zc\u00f3w.<\/p>\n<p>Regulamin konkursu dost\u0119pny jest <a href=\"https:\/\/festivalitselfpl.files.wordpress.com\/2015\/06\/regulamin-nagrody-publicznoc59bci.pdf\" target=\"_blank\">tutaj.\u00a0<\/a><\/p>\n","protected":false},"excerpt":{"rendered":"<p>W tym roku Nagroda Publiczno\u015bci przyznana b\u0119dzie po raz pierwszy. Publiczno\u015b\u0107 otrzyma karty do g\u0142osowania przed wej\u015bciem na spektakl. Nagrod\u0105 w Plebiscycie jest roczny karnet na spektakle b\u0119d\u0105ce w repertuarze Teatru Collegium Nobilium, upowa\u017cniaj\u0105cy do wej\u015bcia na 10 spektakli dla dw\u00f3ch os\u00f3b w sezonie 2015\/2016 lub upominek (katalog plakat\u00f3w teatralnych Rafa\u0142a Olbi\u0144skiego). Zwyci\u0119zca ma prawo [&hellip;]<\/p>\n","protected":false},"author":1,"featured_media":0,"parent":1332,"menu_order":41,"comment_status":"closed","ping_status":"open","template":"","meta":{"_acf_changed":false,"footnotes":""},"class_list":["post-1312","page","type-page","status-publish","hentry"],"acf":[],"jetpack_shortlink":"https:\/\/wp.me\/P8N69B-la","jetpack_sharing_enabled":true,"_links":{"self":[{"href":"https:\/\/festiwal.at.edu.pl\/en\/wp-json\/wp\/v2\/pages\/1312"}],"collection":[{"href":"https:\/\/festiwal.at.edu.pl\/en\/wp-json\/wp\/v2\/pages"}],"about":[{"href":"https:\/\/festiwal.at.edu.pl\/en\/wp-json\/wp\/v2\/types\/page"}],"author":[{"embeddable":true,"href":"https:\/\/festiwal.at.edu.pl\/en\/wp-json\/wp\/v2\/users\/1"}],"replies":[{"embeddable":true,"href":"https:\/\/festiwal.at.edu.pl\/en\/wp-json\/wp\/v2\/comments?post=1312"}],"version-history":[{"count":1,"href":"https:\/\/festiwal.at.edu.pl\/en\/wp-json\/wp\/v2\/pages\/1312\/revisions"}],"predecessor-version":[{"id":2326,"href":"https:\/\/festiwal.at.edu.pl\/en\/wp-json\/wp\/v2\/pages\/1312\/revisions\/2326"}],"up":[{"embeddable":true,"href":"https:\/\/festiwal.at.edu.pl\/en\/wp-json\/wp\/v2\/pages\/1332"}],"wp:attachment":[{"href":"https:\/\/festiwal.at.edu.pl\/en\/wp-json\/wp\/v2\/media?parent=1312"}],"curies":[{"name":"wp","href":"https:\/\/api.w.org\/{rel}","templated":true}]}}