{"id":1101,"date":"2015-05-22T12:52:59","date_gmt":"2015-05-22T10:52:59","guid":{"rendered":"http:\/\/festiwal.at.edu.pl\/?page_id=1101"},"modified":"2017-05-30T00:05:39","modified_gmt":"2017-05-29T22:05:39","slug":"spektakle-konkursowe","status":"publish","type":"page","link":"https:\/\/festiwal.at.edu.pl\/en\/archiwum-festiwalu\/archiwum\/spektakle-konkursowe\/","title":{"rendered":"Spektakle konkursowe"},"content":{"rendered":"<p><strong><span style=\"color:#008000\">KONKURS G\u0141\u00d3WNY 8. MFST ITSelF<\/span><\/strong><\/p>\n<p>Mamy przyjemno\u015b\u0107 og\u0142osi\u0107 spektakle zakwalifikowane do g\u0142\u00f3wnego konkursu 8. Mi\u0119dzynarodowego Festiwalu Szk\u00f3\u0142 Teatralnych ITSelF:<\/p>\n<table style=\"height:350px\" width=\"1145\">\n<tbody>\n<tr>\n<td width=\"25\"><strong><span style=\"color:#008000\">lp.<\/span><\/strong><\/td>\n<td width=\"111\"><strong><span style=\"color:#008000\">kraj<\/span><\/strong><\/td>\n<td width=\"209\"><strong><span style=\"color:#008000\">szko\u0142a<\/span><\/strong><\/td>\n<td width=\"237\"><strong><span style=\"color:#008000\">sztuka<\/span><\/strong><\/td>\n<td width=\"185\"><strong><span style=\"color:#008000\">autor<\/span><\/strong><\/td>\n<td width=\"113\"><strong><span style=\"color:#008000\">re\u017cyser<\/span><\/strong><\/td>\n<td width=\"266\"><\/td>\n<\/tr>\n<tr>\n<td>1<\/td>\n<td width=\"111\">Austria<\/td>\n<td width=\"209\">Seminarium im. Maksa Reinhardta w Wiedniu<\/td>\n<td width=\"237\"><a href=\"https:\/\/festivalmfst.files.wordpress.com\/2015\/07\/austria-zmienione-nazwiska.pdf\" target=\"_blank\"><em>Lulu<\/em><\/a><\/td>\n<td width=\"185\">Frank Wedekind<\/td>\n<td width=\"113\">David Stohr<\/td>\n<td width=\"266\"><\/td>\n<\/tr>\n<tr>\n<td>2<\/td>\n<td width=\"111\">Belgia<\/td>\n<td width=\"209\">Wy\u017csza Szko\u0142a Sztuk i Rzemios\u0142 LUCA w Leuven<\/td>\n<td width=\"237\"><a href=\"https:\/\/festivalitselfpl.files.wordpress.com\/2015\/05\/belgia.pdf\" target=\"_blank\"><em>Circum Mortis<\/em><\/a><\/td>\n<td width=\"185\">wed\u0142ug Tadeusza Kantora<\/td>\n<td width=\"113\">Johan Knuts<\/td>\n<td width=\"266\"><\/td>\n<\/tr>\n<tr>\n<td>3<\/td>\n<td width=\"111\">Czechy<\/td>\n<td width=\"209\">Akademia Muzyczna i Teatralna im. Leo\u0161a Jan\u00e1\u010dka w Brnie<\/td>\n<td width=\"237\"><a href=\"https:\/\/festivalitselfpl.files.wordpress.com\/2015\/06\/czechy.pdf\" target=\"_blank\"><em>Absolutne szcz\u0119\u015bcie muchy albo ostatnia mistyfikacja Salvadora Dalego<\/em><\/a><\/td>\n<td width=\"185\">Oxana Smilkov\u00e1<\/td>\n<td width=\"113\">Oxana Smilkov\u00e1<\/td>\n<td width=\"266\"><\/td>\n<\/tr>\n<tr>\n<td>4<\/td>\n<td width=\"111\">Hiszpania<\/td>\n<td width=\"209\">Wy\u017csza Szko\u0142a Sztuk Dramatycznych w Sewilli<\/td>\n<td width=\"237\"><a href=\"https:\/\/festivalitselfpl.files.wordpress.com\/2015\/05\/hiszpania1.pdf\" target=\"_blank\"><em>Potworek<\/em><\/a><\/td>\n<td width=\"185\">La Tarara Teatro<\/td>\n<td width=\"113\">La Tarara Teatro<\/td>\n<td width=\"266\"><\/td>\n<\/tr>\n<tr>\n<td>5<\/td>\n<td width=\"111\">Iran<\/td>\n<td width=\"209\">Uniwersytet Soore w Teheranie<\/td>\n<td width=\"237\"><a href=\"https:\/\/festivalitselfpl.files.wordpress.com\/2015\/05\/iran.pdf\" target=\"_blank\"><em>\u015ani\u0105c \u015bmier\u0107 w \u015bniegu<\/em><\/a><\/td>\n<td width=\"185\">Jaber Ramezani i Payam Saeedi wg \u201eLawiny\u201d Tuncera C\u00fcceno\u011flu<\/td>\n<td width=\"113\">Jaber Ramezani<\/td>\n<td width=\"266\"><\/td>\n<\/tr>\n<\/tbody>\n<\/table>\n<table style=\"height:80px\" width=\"1160\">\n<tbody>\n<tr>\n<td width=\"25\">6<\/td>\n<td width=\"111\">Litwa<\/td>\n<td width=\"209\">Litewska Akademia Muzyczna i Teatralna w Wilnie<\/td>\n<td width=\"237\"><a href=\"https:\/\/festivalitselfpl.files.wordpress.com\/2015\/05\/litwa.pdf\" target=\"_blank\"><em>Przeznaczone do likwidacji<\/em><\/a><\/td>\n<td width=\"185\">Tennessee Williams<\/td>\n<td width=\"113\">Felicija Feifere<\/td>\n<td width=\"266\"><\/td>\n<\/tr>\n<\/tbody>\n<\/table>\n<table width=\"1146\">\n<tbody>\n<tr>\n<td width=\"25\">7<\/td>\n<td width=\"111\">Niemcy<\/td>\n<td width=\"209\">Bawarska Akademia Teatralna im. Augusta Everdinga w Monachium<\/td>\n<td width=\"237\"><a href=\"https:\/\/festivalitselfpl.files.wordpress.com\/2015\/05\/niemcy.pdf\" target=\"_blank\"><em>W pogoni za szcz\u0119\u015bciem<\/em><\/a><\/td>\n<td width=\"185\">Ingrid Lausund<\/td>\n<td width=\"113\">Mario Andersen, Katja Wachter<\/td>\n<td width=\"266\"><\/td>\n<\/tr>\n<\/tbody>\n<\/table>\n<table width=\"1146\">\n<tbody>\n<tr>\n<td width=\"25\">8<\/td>\n<td width=\"111\">Stany Zjednoczone<\/td>\n<td width=\"209\">Instytut Teatralny i Filmowy im. Lee Strasberga w Nowym Jorku<\/td>\n<td width=\"237\"><a href=\"https:\/\/festivalitselfpl.files.wordpress.com\/2015\/05\/usa.pdf\" target=\"_blank\"><em>Zima w czerwieni<\/em><\/a><\/td>\n<td width=\"185\">Adam Rapp<\/td>\n<td width=\"113\">Laura Savia<\/td>\n<td width=\"266\"><\/td>\n<\/tr>\n<tr>\n<td>9<\/td>\n<td width=\"111\">W\u0142ochy<\/td>\n<td width=\"209\">Akademia Teatralna \u201eSofia Amendolea\u201d w Rzymie<\/td>\n<td width=\"237\"><a href=\"https:\/\/festivalitselfpl.files.wordpress.com\/2015\/06\/wc582ochy.pdf\" target=\"_blank\"><em>Bastards in the Mind<\/em><\/a><\/td>\n<td width=\"185\">Fabio Omodei<\/td>\n<td width=\"113\">Fabio Omodei<\/td>\n<td width=\"266\"><\/td>\n<\/tr>\n<\/tbody>\n<\/table>\n<table style=\"height:210px\" width=\"915\">\n<tbody>\n<tr>\n<td>10<\/td>\n<td width=\"111\">Polska<\/td>\n<td width=\"209\">Akademia Teatralna im. Aleksandra Zelwerowicza w Warszawie<\/td>\n<td width=\"237\"><a href=\"https:\/\/festivalitselfpl.files.wordpress.com\/2015\/05\/polska-mim.pdf\" target=\"_blank\"><em>Mistrz i Ma\u0142gorzata<\/em><\/a><\/td>\n<td width=\"185\">Michai\u0142 Bu\u0142hakow<\/td>\n<td width=\"113\">Waldemar Ra\u017aniak<\/td>\n<\/tr>\n<tr>\n<td>11<\/td>\n<td width=\"111\">Polska<\/td>\n<td width=\"209\">Pa\u0144stwowa Wy\u017csza Szko\u0142a Filmowa, Telewizyjna i Teatralna im. Leona Schillera w \u0141odzi<\/td>\n<td width=\"237\"><a href=\"https:\/\/festivalitselfpl.files.wordpress.com\/2015\/05\/polska-kamiec584.pdf\" target=\"_blank\"><em>Kamie\u0144<\/em><\/a><\/td>\n<td width=\"185\">Marius von Mayenburg<\/td>\n<td width=\"113\">Grzegorz Wi\u015bniewski<\/td>\n<\/tr>\n<\/tbody>\n<\/table>\n","protected":false},"excerpt":{"rendered":"<p>KONKURS G\u0141\u00d3WNY 8. MFST ITSelF Mamy przyjemno\u015b\u0107 og\u0142osi\u0107 spektakle zakwalifikowane do g\u0142\u00f3wnego konkursu 8. Mi\u0119dzynarodowego Festiwalu Szk\u00f3\u0142 Teatralnych ITSelF: lp. kraj szko\u0142a sztuka autor re\u017cyser 1 Austria Seminarium im. Maksa Reinhardta w Wiedniu Lulu Frank Wedekind David Stohr 2 Belgia Wy\u017csza Szko\u0142a Sztuk i Rzemios\u0142 LUCA w Leuven Circum Mortis wed\u0142ug Tadeusza Kantora Johan Knuts [&hellip;]<\/p>\n","protected":false},"author":1,"featured_media":0,"parent":1332,"menu_order":50,"comment_status":"closed","ping_status":"closed","template":"","meta":{"_acf_changed":false,"footnotes":""},"class_list":["post-1101","page","type-page","status-publish","hentry"],"acf":[],"jetpack_shortlink":"https:\/\/wp.me\/P8N69B-hL","jetpack_sharing_enabled":true,"_links":{"self":[{"href":"https:\/\/festiwal.at.edu.pl\/en\/wp-json\/wp\/v2\/pages\/1101"}],"collection":[{"href":"https:\/\/festiwal.at.edu.pl\/en\/wp-json\/wp\/v2\/pages"}],"about":[{"href":"https:\/\/festiwal.at.edu.pl\/en\/wp-json\/wp\/v2\/types\/page"}],"author":[{"embeddable":true,"href":"https:\/\/festiwal.at.edu.pl\/en\/wp-json\/wp\/v2\/users\/1"}],"replies":[{"embeddable":true,"href":"https:\/\/festiwal.at.edu.pl\/en\/wp-json\/wp\/v2\/comments?post=1101"}],"version-history":[{"count":1,"href":"https:\/\/festiwal.at.edu.pl\/en\/wp-json\/wp\/v2\/pages\/1101\/revisions"}],"predecessor-version":[{"id":2325,"href":"https:\/\/festiwal.at.edu.pl\/en\/wp-json\/wp\/v2\/pages\/1101\/revisions\/2325"}],"up":[{"embeddable":true,"href":"https:\/\/festiwal.at.edu.pl\/en\/wp-json\/wp\/v2\/pages\/1332"}],"wp:attachment":[{"href":"https:\/\/festiwal.at.edu.pl\/en\/wp-json\/wp\/v2\/media?parent=1101"}],"curies":[{"name":"wp","href":"https:\/\/api.w.org\/{rel}","templated":true}]}}