{"id":1079,"date":"2015-04-21T08:20:55","date_gmt":"2015-04-21T08:20:55","guid":{"rendered":"http:\/\/festiwal.at.edu.pl\/?page_id=1079"},"modified":"2017-05-30T00:04:59","modified_gmt":"2017-05-29T22:04:59","slug":"komitet-honorowy","status":"publish","type":"page","link":"https:\/\/festiwal.at.edu.pl\/en\/archiwum-festiwalu\/archiwum\/komitet-honorowy\/","title":{"rendered":"Komitet Honorowy"},"content":{"rendered":"<p><span style=\"color:#008000\"><strong>BARBARA BORYS-DAMI\u0118CKA<\/strong><\/span><\/p>\n<p>senator RP, re\u017cyserka teatralna i telewizyjna,<\/p>\n<p><strong><span style=\"color:#008000\">DOROTA BUCHWALD<\/span><\/strong><\/p>\n<p>dyrektor Instytutu Teatralnego im. Zbigniewa Raszewskiego<\/p>\n<p><strong><span style=\"color:#008000\">JAN ENGLERT<\/span><\/strong><\/p>\n<p>aktor teatralny i filmowy, re\u017cyser teatralny, pedagog, dyrektor artystyczny Teatru Narodowego w Warszawie<\/p>\n<p><strong><span style=\"color:#008000\">KATARZYNA JANOWSKA<\/span><\/strong><\/p>\n<p>dziennikarka, dyrektor TVP Kultura<\/p>\n<p><strong><span style=\"color:#008000\">STACY KEACH<\/span><\/strong><\/p>\n<p>ameryka\u0144ski aktor filmowy, telewizyjny i teatralny, producent, scenarzysta i re\u017cyser filmowy<\/p>\n<p><strong><span style=\"color:#008000\">BORIS KUDLI\u010cKA<\/span><\/strong><\/p>\n<p>scenograf pochodzenia s\u0142owackiego<\/p>\n<p><strong><span style=\"color:#008000\">AGATA KULESZA<\/span><\/strong><\/p>\n<p>aktorka teatralna i filmowa,<\/p>\n<p><span style=\"color:#008000\"><strong>JACQUES LASSALLE<\/strong><\/span><\/p>\n<p>francuski re\u017cyser i aktor teatralny, pedagog, dramatopisarz<\/p>\n<p><strong><span style=\"color:#008000\">ANDRZEJ WAJDA<\/span><\/strong><\/p>\n<p>re\u017cyser teatralny i filmowy<\/p>\n<p><span style=\"color:#008000\"><strong>KRZYSZTOF ZANUSSI<\/strong><\/span><\/p>\n<p>re\u017cyser teatralny i filmowy<\/p>\n<p>&nbsp;<\/p>","protected":false},"excerpt":{"rendered":"<p>BARBARA BORYS-DAMI\u0118CKA senator RP, re\u017cyserka teatralna i telewizyjna, DOROTA BUCHWALD dyrektor Instytutu Teatralnego im. Zbigniewa Raszewskiego JAN ENGLERT aktor teatralny i filmowy, re\u017cyser teatralny, pedagog, dyrektor artystyczny Teatru Narodowego w Warszawie KATARZYNA JANOWSKA dziennikarka, dyrektor TVP Kultura STACY KEACH ameryka\u0144ski aktor filmowy, telewizyjny i teatralny, producent, scenarzysta i re\u017cyser filmowy BORIS KUDLI\u010cKA scenograf pochodzenia s\u0142owackiego [&hellip;]<\/p>\n","protected":false},"author":1,"featured_media":0,"parent":1332,"menu_order":36,"comment_status":"closed","ping_status":"open","template":"","meta":{"_acf_changed":false,"footnotes":""},"class_list":["post-1079","page","type-page","status-publish","hentry"],"acf":[],"jetpack_shortlink":"https:\/\/wp.me\/P8N69B-hp","jetpack_sharing_enabled":true,"_links":{"self":[{"href":"https:\/\/festiwal.at.edu.pl\/en\/wp-json\/wp\/v2\/pages\/1079"}],"collection":[{"href":"https:\/\/festiwal.at.edu.pl\/en\/wp-json\/wp\/v2\/pages"}],"about":[{"href":"https:\/\/festiwal.at.edu.pl\/en\/wp-json\/wp\/v2\/types\/page"}],"author":[{"embeddable":true,"href":"https:\/\/festiwal.at.edu.pl\/en\/wp-json\/wp\/v2\/users\/1"}],"replies":[{"embeddable":true,"href":"https:\/\/festiwal.at.edu.pl\/en\/wp-json\/wp\/v2\/comments?post=1079"}],"version-history":[{"count":1,"href":"https:\/\/festiwal.at.edu.pl\/en\/wp-json\/wp\/v2\/pages\/1079\/revisions"}],"predecessor-version":[{"id":2323,"href":"https:\/\/festiwal.at.edu.pl\/en\/wp-json\/wp\/v2\/pages\/1079\/revisions\/2323"}],"up":[{"embeddable":true,"href":"https:\/\/festiwal.at.edu.pl\/en\/wp-json\/wp\/v2\/pages\/1332"}],"wp:attachment":[{"href":"https:\/\/festiwal.at.edu.pl\/en\/wp-json\/wp\/v2\/media?parent=1079"}],"curies":[{"name":"wp","href":"https:\/\/api.w.org\/{rel}","templated":true}]}}