{"id":1064,"date":"2015-04-08T08:59:31","date_gmt":"2015-04-08T08:59:31","guid":{"rendered":"http:\/\/festiwal.at.edu.pl\/?page_id=1064"},"modified":"2017-06-10T22:30:51","modified_gmt":"2017-06-10T20:30:51","slug":"biuro-festiwalowe-7-itself","status":"publish","type":"page","link":"https:\/\/festiwal.at.edu.pl\/en\/archiwum-festiwalu\/archiwum-7-festiwalu-itself\/biuro-festiwalowe-7-itself\/","title":{"rendered":"Biuro Festiwalowe"},"content":{"rendered":"<p style=\"text-align: center;\">ANDRZEJ STRZELECKI &#8211; dyrektor festiwalu<\/p>\n<p><a href=\"\/wp-content\/uploads\/sites\/3\/img_archive\/andrzej_strzelecki.jpg\" data-gallery><img loading=\"lazy\" decoding=\"async\" class=\"aligncenter wp-image-1076\" src=\"\/wp-content\/uploads\/sites\/3\/img_archive\/andrzej_strzelecki-e1429213383476.jpg?w=210\" alt=\"Andrzej_Strzelecki\" width=\"280\" height=\"400\" \/><\/a><\/p>\n<p style=\"text-align: center;\">\u00a0BEATA SZCZUCI\u0143SKA &#8211; zast\u0119pca dyrektora festiwalu<\/p>\n<p><a href=\"\/wp-content\/uploads\/sites\/3\/img_archive\/tekst_72.jpg\" data-gallery><img loading=\"lazy\" decoding=\"async\" class=\"aligncenter size-full wp-image-439\" src=\"\/wp-content\/uploads\/sites\/3\/img_archive\/tekst_72.jpg\" alt=\"tekst_72\" width=\"470\" height=\"313\" \/><\/a><\/p>\n<p style=\"text-align: center;\">\u00a0AGNIESZKA ZAJK &#8211; zast\u0119pca dyrektora festiwalu<\/p>\n<p><a href=\"\/wp-content\/uploads\/sites\/3\/img_archive\/fot_bartek_warzecha_dsc6416.jpg\" data-gallery><img loading=\"lazy\" decoding=\"async\" class=\"aligncenter size-full wp-image-529\" src=\"\/wp-content\/uploads\/sites\/3\/img_archive\/fot_bartek_warzecha_dsc6416.jpg\" alt=\"Fot_Bartek_Warzecha_DSC6416\" width=\"470\" height=\"313\" \/><\/a><\/p>\n<p style=\"text-align: center;\">DANUTA JANICKA-MIERZWA &#8211; kierownik biura festiwalowego<\/p>\n<p style=\"text-align: center;\"><a href=\"\/wp-content\/uploads\/sites\/3\/img_archive\/tekst_74.jpg\" data-gallery><img loading=\"lazy\" decoding=\"async\" class=\"aligncenter size-full wp-image-441\" src=\"\/wp-content\/uploads\/sites\/3\/img_archive\/tekst_74.jpg\" alt=\"tekst_74\" width=\"470\" height=\"313\" \/><\/a><\/p>\n<p style=\"text-align: center;\">MONIKA PRZESPOLEWSKA &#8211; zast\u0119pca kierownika biura festiwalowego<\/p>\n<p style=\"text-align: center;\">ANNA PIOTROWSKA &#8211; specjalista ds. PR<\/p>\n<p style=\"text-align: center;\">AGNIESZKA PA\u0141UCKA &#8211; sekretarz rady artystycznej, social media i strona internetowa, klub festiwalowy<\/p>\n<p style=\"text-align: center;\"><a href=\"\/wp-content\/uploads\/sites\/3\/img_archive\/dsc6824.jpg\" data-gallery><img loading=\"lazy\" decoding=\"async\" class=\"aligncenter size-full wp-image-1074\" src=\"\/wp-content\/uploads\/sites\/3\/img_archive\/dsc6824.jpg\" alt=\"_DSC6824\" width=\"470\" height=\"313\" \/><\/a><\/p>\n<p style=\"text-align: center;\">DAWID MLEKICKI &#8211; specjalista ds. logistyki<\/p>\n<p style=\"text-align: center;\"><a href=\"\/wp-content\/uploads\/sites\/3\/img_archive\/tekst_75.jpg\" data-gallery><img loading=\"lazy\" decoding=\"async\" class=\"aligncenter size-full wp-image-442\" src=\"\/wp-content\/uploads\/sites\/3\/img_archive\/tekst_75.jpg\" alt=\"tekst_75\" width=\"470\" height=\"313\" \/><\/a><\/p>\n<p style=\"text-align: center;\">KATARZYNA KAJSA JANKOWSKA &#8211; zast\u0119pca specjalisty ds. logistyki<\/p>\n<p style=\"text-align: center;\">ADAM OZGA &#8211; koordynator obs\u0142ugi studenckiej festiwalu<\/p>\n<p style=\"text-align: center;\"><a href=\"\/wp-content\/uploads\/sites\/3\/img_archive\/tekst_68.jpg\" data-gallery><img loading=\"lazy\" decoding=\"async\" class=\"aligncenter size-full wp-image-437\" src=\"\/wp-content\/uploads\/sites\/3\/img_archive\/tekst_68.jpg\" alt=\"tekst_68\" width=\"470\" height=\"313\" \/><\/a><\/p>\n<p style=\"text-align: center;\">SABINA ZYGMANOWSKA &#8211; opieka nad Jury<\/p>\n<p style=\"text-align: center;\"><a href=\"\/wp-content\/uploads\/sites\/3\/img_archive\/fot_bartek_warzecha_dsc6397.jpg\" data-gallery><img loading=\"lazy\" decoding=\"async\" class=\"aligncenter size-full wp-image-525\" src=\"\/wp-content\/uploads\/sites\/3\/img_archive\/fot_bartek_warzecha_dsc6397.jpg\" alt=\"Fot_Bartek_Warzecha_DSC6397\" width=\"470\" height=\"313\" \/><\/a><\/p>\n<p style=\"text-align: center;\">MATEUSZ \u017bURAWSKI &#8211; redaktor publikacji festiwalowych<\/p>\n<p style=\"text-align: center;\"><a href=\"\/wp-content\/uploads\/sites\/3\/img_archive\/mateusz-c5bcurawski.jpg\" data-gallery><img loading=\"lazy\" decoding=\"async\" class=\"aligncenter size-full wp-image-1070\" src=\"\/wp-content\/uploads\/sites\/3\/img_archive\/mateusz-c5bcurawski.jpg\" alt=\"Mateusz \u017burawski\" width=\"470\" height=\"313\" \/><\/a><\/p>\n<p style=\"text-align: center;\">IGA KRUK &#8211; redaktor publikacji festiwalowych<\/p>\n<p style=\"text-align: center;\"><a href=\"\/wp-content\/uploads\/sites\/3\/img_archive\/iga-kruk.jpg\" data-gallery><img loading=\"lazy\" decoding=\"async\" class=\"aligncenter size-full wp-image-1071\" src=\"\/wp-content\/uploads\/sites\/3\/img_archive\/iga-kruk.jpg\" alt=\"Iga Kruk\" width=\"470\" height=\"313\" \/><\/a><\/p>\n<p style=\"text-align: center;\">KRZYSZTOF KWIATKOWSKI &#8211; obs\u0142uga techniczna<\/p>\n<p style=\"text-align: center;\">KATARZYNA S\u0141AWUSZEWSKA &#8211; koordynator t\u0142umacze\u0144 i napis\u00f3w<\/p>\n","protected":false},"excerpt":{"rendered":"<p>ANDRZEJ STRZELECKI &#8211; dyrektor festiwalu \u00a0BEATA SZCZUCI\u0143SKA &#8211; zast\u0119pca dyrektora festiwalu \u00a0AGNIESZKA ZAJK &#8211; zast\u0119pca dyrektora festiwalu DANUTA JANICKA-MIERZWA &#8211; kierownik biura festiwalowego MONIKA PRZESPOLEWSKA &#8211; zast\u0119pca kierownika biura festiwalowego ANNA PIOTROWSKA &#8211; specjalista ds. PR AGNIESZKA PA\u0141UCKA &#8211; sekretarz rady artystycznej, social media i strona internetowa, klub festiwalowy DAWID MLEKICKI &#8211; specjalista ds. logistyki [&hellip;]<\/p>\n","protected":false},"author":1,"featured_media":0,"parent":993,"menu_order":31,"comment_status":"closed","ping_status":"closed","template":"","meta":{"_acf_changed":false,"footnotes":""},"class_list":["post-1064","page","type-page","status-publish","hentry"],"acf":[],"jetpack_shortlink":"https:\/\/wp.me\/P8N69B-ha","jetpack_sharing_enabled":true,"_links":{"self":[{"href":"https:\/\/festiwal.at.edu.pl\/en\/wp-json\/wp\/v2\/pages\/1064"}],"collection":[{"href":"https:\/\/festiwal.at.edu.pl\/en\/wp-json\/wp\/v2\/pages"}],"about":[{"href":"https:\/\/festiwal.at.edu.pl\/en\/wp-json\/wp\/v2\/types\/page"}],"author":[{"embeddable":true,"href":"https:\/\/festiwal.at.edu.pl\/en\/wp-json\/wp\/v2\/users\/1"}],"replies":[{"embeddable":true,"href":"https:\/\/festiwal.at.edu.pl\/en\/wp-json\/wp\/v2\/comments?post=1064"}],"version-history":[{"count":2,"href":"https:\/\/festiwal.at.edu.pl\/en\/wp-json\/wp\/v2\/pages\/1064\/revisions"}],"predecessor-version":[{"id":2682,"href":"https:\/\/festiwal.at.edu.pl\/en\/wp-json\/wp\/v2\/pages\/1064\/revisions\/2682"}],"up":[{"embeddable":true,"href":"https:\/\/festiwal.at.edu.pl\/en\/wp-json\/wp\/v2\/pages\/993"}],"wp:attachment":[{"href":"https:\/\/festiwal.at.edu.pl\/en\/wp-json\/wp\/v2\/media?parent=1064"}],"curies":[{"name":"wp","href":"https:\/\/api.w.org\/{rel}","templated":true}]}}