{"id":1056,"date":"2015-03-16T20:10:56","date_gmt":"2015-03-16T20:10:56","guid":{"rendered":"http:\/\/festiwal.at.edu.pl\/?page_id=1056"},"modified":"2017-05-30T00:06:02","modified_gmt":"2017-05-29T22:06:02","slug":"rada-artystyczna","status":"publish","type":"page","link":"https:\/\/festiwal.at.edu.pl\/en\/archiwum-festiwalu\/archiwum\/rada-artystyczna\/","title":{"rendered":"Rada Artystyczna"},"content":{"rendered":"<p><strong><span style=\"color:#008000\">Mamy zaszczyt przedstawi\u0107 Pa\u0144stwu sk\u0142ad Rady Artystycznej<\/span><\/strong><\/p>\n<p><strong><span style=\"color:#008000\">8. Mi\u0119dzynarodowego Festiwalu Szk\u00f3\u0142 Teatralnych ITSelF<\/span><\/strong><\/p>\n<p><strong style=\"line-height:1.5\">Andrzej Strzelecki &#8211; Dyrektor Festiwalu, Rektor Akademii Teatralnej\u00a0<\/strong><\/p>\n<p><strong>Beata Szczuci\u0144ska &#8211; Zast\u0119pca Dyrektora Festiwalu, Kanclerz Akademii Teatralnej\u00a0<\/strong><\/p>\n<p><strong>Waldemar Ra\u017aniak &#8211; Pe\u0142nomocnik rektora ds. wsp\u00f3\u0142pracy mi\u0119dzynarodowej, Prodziekan\u00a0<\/strong><strong>Wydzia\u0142u Aktorskiego Akademii Teatralnej\u00a0<\/strong><\/p>\n<p><strong>Jaros\u0142aw Kilian &#8211; Pe\u0142nomocnik rektora ds. wsp\u00f3\u0142pracy mi\u0119dzynarodowej, Prodziekan Wydzia\u0142u Re\u017cyserii<\/strong><\/p>\n<p><strong>Bohdan Michalski &#8211; Pe\u0142nomocnik rektora ds. wsp\u00f3\u0142pracy mi\u0119dzynarodowej, wyk\u0142adowca Akademii Teatralnej (Wydzia\u0142 Wiedzy o Teatrze)<\/strong><\/p>\n<p><strong>Ryszard Peryt &#8211; Wyk\u0142adowca Akademii Teatralnej (Wydzia\u0142 Aktorski i Wydzia\u0142 Re\u017cyserii)<\/strong><\/p>\n<p><strong>Janusz Majcherek &#8211; Wyk\u0142adowca Akademii Teatralnej (Wydzia\u0142 Wiedzy o Teatrze)<\/strong><\/p>\n<p><strong>Mateusz \u017burawski &#8211; Wyk\u0142adowca Akademii Teatralnej (Wydzia\u0142 Wiedzy o Teatrze)<\/strong><\/p>\n<p><strong>Marcin Hycnar &#8211; Student Akademii Teatralnej (Wydzia\u0142 Re\u017cyserii)<\/strong><\/p>\n<p><strong>\u0141ukasz Borkowski &#8211; Student Akademii Teatralnej (Wydzia\u0142 Aktorski)<\/strong><\/p>\n<p><strong>Szymon Spichalski &#8211; Student Akademii Teatralnej (Wydzia\u0142 Wiedzy o Teatrze)<\/strong><\/p>","protected":false},"excerpt":{"rendered":"<p>Mamy zaszczyt przedstawi\u0107 Pa\u0144stwu sk\u0142ad Rady Artystycznej 8. Mi\u0119dzynarodowego Festiwalu Szk\u00f3\u0142 Teatralnych ITSelF Andrzej Strzelecki &#8211; Dyrektor Festiwalu, Rektor Akademii Teatralnej\u00a0 Beata Szczuci\u0144ska &#8211; Zast\u0119pca Dyrektora Festiwalu, Kanclerz Akademii Teatralnej\u00a0 Waldemar Ra\u017aniak &#8211; Pe\u0142nomocnik rektora ds. wsp\u00f3\u0142pracy mi\u0119dzynarodowej, Prodziekan\u00a0Wydzia\u0142u Aktorskiego Akademii Teatralnej\u00a0 Jaros\u0142aw Kilian &#8211; Pe\u0142nomocnik rektora ds. wsp\u00f3\u0142pracy mi\u0119dzynarodowej, Prodziekan Wydzia\u0142u Re\u017cyserii Bohdan Michalski [&hellip;]<\/p>\n","protected":false},"author":1,"featured_media":0,"parent":1332,"menu_order":47,"comment_status":"closed","ping_status":"open","template":"","meta":{"_acf_changed":false,"footnotes":""},"class_list":["post-1056","page","type-page","status-publish","hentry"],"acf":[],"jetpack_shortlink":"https:\/\/wp.me\/P8N69B-h2","jetpack_sharing_enabled":true,"_links":{"self":[{"href":"https:\/\/festiwal.at.edu.pl\/en\/wp-json\/wp\/v2\/pages\/1056"}],"collection":[{"href":"https:\/\/festiwal.at.edu.pl\/en\/wp-json\/wp\/v2\/pages"}],"about":[{"href":"https:\/\/festiwal.at.edu.pl\/en\/wp-json\/wp\/v2\/types\/page"}],"author":[{"embeddable":true,"href":"https:\/\/festiwal.at.edu.pl\/en\/wp-json\/wp\/v2\/users\/1"}],"replies":[{"embeddable":true,"href":"https:\/\/festiwal.at.edu.pl\/en\/wp-json\/wp\/v2\/comments?post=1056"}],"version-history":[{"count":1,"href":"https:\/\/festiwal.at.edu.pl\/en\/wp-json\/wp\/v2\/pages\/1056\/revisions"}],"predecessor-version":[{"id":2307,"href":"https:\/\/festiwal.at.edu.pl\/en\/wp-json\/wp\/v2\/pages\/1056\/revisions\/2307"}],"up":[{"embeddable":true,"href":"https:\/\/festiwal.at.edu.pl\/en\/wp-json\/wp\/v2\/pages\/1332"}],"wp:attachment":[{"href":"https:\/\/festiwal.at.edu.pl\/en\/wp-json\/wp\/v2\/media?parent=1056"}],"curies":[{"name":"wp","href":"https:\/\/api.w.org\/{rel}","templated":true}]}}