{"id":1039,"date":"2015-03-15T15:16:29","date_gmt":"2015-03-15T15:16:29","guid":{"rendered":"http:\/\/festiwal.at.edu.pl\/?page_id=1039"},"modified":"2017-05-30T00:06:02","modified_gmt":"2017-05-29T22:06:02","slug":"programme-2","status":"publish","type":"page","link":"https:\/\/festiwal.at.edu.pl\/en\/archiwum-festiwalu\/archiwum\/programme-2\/","title":{"rendered":"Program"},"content":{"rendered":"<p><\/p>\n<h2>Program 8. Mi\u0119dzynarodowego Festiwalu Szk\u00f3\u0142 Teatralnych ITSelF mo\u017cna znale\u017a\u0107<a href=\"https:\/\/festivalmfst.files.wordpress.com\/2015\/06\/program_8_itself_2015_final.pdf\" target=\"_blank\" rel=\"noopener noreferrer\"> tutaj.<\/a><\/h2>\n<p>&nbsp;<\/p>\n<h2><strong><a href=\"http:\/\/bilety.at.edu.pl\">Kup bilet.<\/a><\/strong><\/h2>\n<p><\/p>","protected":false},"excerpt":{"rendered":"<p>Program 8. Mi\u0119dzynarodowego Festiwalu Szk\u00f3\u0142 Teatralnych ITSelF mo\u017cna znale\u017a\u0107 tutaj. &nbsp; Kup bilet.<\/p>\n","protected":false},"author":1,"featured_media":0,"parent":1332,"menu_order":45,"comment_status":"closed","ping_status":"closed","template":"","meta":{"_acf_changed":false,"footnotes":""},"class_list":["post-1039","page","type-page","status-publish","hentry"],"acf":[],"jetpack_shortlink":"https:\/\/wp.me\/P8N69B-gL","jetpack_sharing_enabled":false,"_links":{"self":[{"href":"https:\/\/festiwal.at.edu.pl\/en\/wp-json\/wp\/v2\/pages\/1039"}],"collection":[{"href":"https:\/\/festiwal.at.edu.pl\/en\/wp-json\/wp\/v2\/pages"}],"about":[{"href":"https:\/\/festiwal.at.edu.pl\/en\/wp-json\/wp\/v2\/types\/page"}],"author":[{"embeddable":true,"href":"https:\/\/festiwal.at.edu.pl\/en\/wp-json\/wp\/v2\/users\/1"}],"replies":[{"embeddable":true,"href":"https:\/\/festiwal.at.edu.pl\/en\/wp-json\/wp\/v2\/comments?post=1039"}],"version-history":[{"count":2,"href":"https:\/\/festiwal.at.edu.pl\/en\/wp-json\/wp\/v2\/pages\/1039\/revisions"}],"predecessor-version":[{"id":2318,"href":"https:\/\/festiwal.at.edu.pl\/en\/wp-json\/wp\/v2\/pages\/1039\/revisions\/2318"}],"up":[{"embeddable":true,"href":"https:\/\/festiwal.at.edu.pl\/en\/wp-json\/wp\/v2\/pages\/1332"}],"wp:attachment":[{"href":"https:\/\/festiwal.at.edu.pl\/en\/wp-json\/wp\/v2\/media?parent=1039"}],"curies":[{"name":"wp","href":"https:\/\/api.w.org\/{rel}","templated":true}]}}